{"id":9827,"date":"2025-12-18T06:07:29","date_gmt":"2025-12-18T06:07:29","guid":{"rendered":"https:\/\/www.lewens.de\/?page_id=9827"},"modified":"2026-01-06T17:46:50","modified_gmt":"2026-01-06T17:46:50","slug":"accessoires","status":"publish","type":"page","link":"https:\/\/www.lewens.de\/nl\/accessoires\/","title":{"rendered":"Accessoires"},"content":{"rendered":"\n<div data-uuid=\"dfc94311-5b3f-4f83-9353-e445926ca53f\" data-grid=\"1\" class=\"wp-block-posts-list-block accessory-posts-list wp-block-group is-layout-media-text wp-block-group-is-layout-media-text\"><span class=\"posts-list--do-not-append\" data-result-cnt=\"3\" hidden><span>3 resultaten<\/span><\/span>\n            <article id=\"post-9828\" class=\"wp-block-media-text is-image-fill-element is-stacked-on-mobile has-background post-9828 accessory type-accessory status-publish has-post-thumbnail hentry nl-NL teaser-view\">\n\t\t\t\t<figure class=\"wp-block-image post-thumbnail wp-block-media-text__media\"><img loading=\"lazy\" decoding=\"async\" width=\"561\" height=\"449\" src=\"https:\/\/www.lewens.de\/wp-content\/uploads\/2024\/12\/Lewens_Zubehoer_App.webp\" class=\"attachment-post-thumbnail size-post-thumbnail ratio-landscape wp-post-image\" alt=\"Lewens_Zubeho\u0308r_App\" \/><\/figure><!-- .post-thumbnail -->\n\t\t\t\t<div class=\"wp-block-media-text__content\">\n                    \t\t\t\t\t<h2 class=\"entry-title\"><a href=\"https:\/\/www.lewens.de\/nl\/accessoires\/slimme-bediening-via-app\/\">Slimme bediening via app<\/a><\/h2>\t\t\t\t\t<p>Bedien uw Lewens-luifel eenvoudig via de app \u2013 handiger kan het niet.<\/p>\n\t\t\t\t\t<div class=\"wp-block-buttons\">\n\t\t\t\t\t\t<div class=\"wp-block-button is-style-outline\">\n\t\t\t\t\t\t\t<a class=\"wp-block-button__link\" href=\"https:\/\/www.lewens.de\/nl\/accessoires\/slimme-bediening-via-app\/\">Meer informatie<\/a>\n\t\t\t\t\t\t<\/div>\n\t\t\t\t\t<\/div>\n\t\t\t\t<\/div>\n\t\t\t<\/article>\n\n\t\t\n            <article id=\"post-9839\" class=\"wp-block-media-text is-image-fill-element is-stacked-on-mobile  has-media-on-the-right has-background post-9839 accessory type-accessory status-publish has-post-thumbnail hentry nl-NL teaser-view\">\n\t\t\t\t<figure class=\"wp-block-image post-thumbnail wp-block-media-text__media\"><img loading=\"lazy\" decoding=\"async\" width=\"561\" height=\"449\" src=\"https:\/\/www.lewens.de\/wp-content\/uploads\/2025\/11\/Lewens_Zubehoer_Wetterautomatik-1.webp\" class=\"attachment-post-thumbnail size-post-thumbnail ratio-landscape wp-post-image\" alt=\"Lewens_Zubeho\u0308r_Wetterautomatik\" \/><\/figure><!-- .post-thumbnail -->\n\t\t\t\t<div class=\"wp-block-media-text__content\">\n                    \t\t\t\t\t<h2 class=\"entry-title\"><a href=\"https:\/\/www.lewens.de\/nl\/accessoires\/wetterautomatik\/\">Automatische weerregelsysteem<\/a><\/h2>\t\t\t\t\t<p>Meer comfort in de zon, meer veiligheid bij wind en regen: onze automatische weersregeling reageert zelfstandig op weersveranderingen \u2013 zelfs als er niemand thuis is.<\/p>\n\t\t\t\t\t<div class=\"wp-block-buttons\">\n\t\t\t\t\t\t<div class=\"wp-block-button is-style-outline\">\n\t\t\t\t\t\t\t<a class=\"wp-block-button__link\" href=\"https:\/\/www.lewens.de\/nl\/accessoires\/wetterautomatik\/\">Meer informatie<\/a>\n\t\t\t\t\t\t<\/div>\n\t\t\t\t\t<\/div>\n\t\t\t\t<\/div>\n\t\t\t<\/article>\n\n\t\t\n            <article id=\"post-9830\" class=\"wp-block-media-text is-image-fill-element is-stacked-on-mobile has-background post-9830 accessory type-accessory status-publish has-post-thumbnail hentry nl-NL teaser-view\">\n\t\t\t\t<figure class=\"wp-block-image post-thumbnail wp-block-media-text__media\"><img loading=\"lazy\" decoding=\"async\" width=\"561\" height=\"449\" src=\"https:\/\/www.lewens.de\/wp-content\/uploads\/2025\/11\/Lewens_Zubehoer_Lichtleiste.webp\" class=\"attachment-post-thumbnail size-post-thumbnail ratio-landscape wp-post-image\" alt=\"Lewens_Zubeho\u0308r_Lichtleiste\" \/><\/figure><!-- .post-thumbnail -->\n\t\t\t\t<div class=\"wp-block-media-text__content\">\n                    \t\t\t\t\t<h2 class=\"entry-title\"><a href=\"https:\/\/www.lewens.de\/nl\/accessoires\/led-verlichting\/\">LED-verlichting<\/a><\/h2>\t\t\t\t\t<p>Waarom zou een mooie avond bij zonsondergang eindigen? Onze LED-oplossingen cre\u00ebren met \u00e9\u00e9n druk op de knop de perfecte sfeer \u2013 als directe verlichting of als zacht accent.<\/p>\n\t\t\t\t\t<div class=\"wp-block-buttons\">\n\t\t\t\t\t\t<div class=\"wp-block-button is-style-outline\">\n\t\t\t\t\t\t\t<a class=\"wp-block-button__link\" href=\"https:\/\/www.lewens.de\/nl\/accessoires\/led-verlichting\/\">Meer informatie<\/a>\n\t\t\t\t\t\t<\/div>\n\t\t\t\t\t<\/div>\n\t\t\t\t<\/div>\n\t\t\t<\/article>\n\n\t\t<\/div>\n\n\n\n<div class=\"wp-block-group is-layout-constrained wp-block-group-is-layout-constrained\">\n<h2 class=\"wp-block-heading has-text-align-center\">Overige accessoires<\/h2>\n\n\n\n<div data-uuid=\"481e762e-52f8-4cc2-8b4e-70b8698242ac\" data-grid=\"3\" class=\"wp-block-posts-list-block accessory-posts-list wp-block-group is-layout-grid wp-block-group-is-layout-grid\"><span class=\"posts-list--do-not-append\" data-result-cnt=\"2\" hidden><span>2 resultaten<\/span><\/span>\n\t\t\t\n<article id=\"post-9832\" class=\"post-9832 accessory type-accessory status-publish has-post-thumbnail hentry nl-NL teaser-view\"\tdata-href=\"https:\/\/www.lewens.de\/nl\/accessoires\/radiografische-afstandsbediening\/\">\n\t        <header class=\"entry-header\">\n\t\t\t<h2 class=\"entry-title\"><a href=\"https:\/\/www.lewens.de\/nl\/accessoires\/radiografische-afstandsbediening\/\" rel=\"bookmark\">Radiografische afstandsbediening<\/a><\/h2>        <\/header><!-- .entry-header -->\n\t\n\t\n            <figure class=\"wp-block-image post-thumbnail\" data-href=\"https:\/\/www.lewens.de\/nl\/accessoires\/radiografische-afstandsbediening\/\" aria-hidden=\"true\" tabindex=\"-1\">\n\t\t\t\t<img loading=\"lazy\" decoding=\"async\" width=\"736\" height=\"626\" src=\"https:\/\/www.lewens.de\/wp-content\/uploads\/2025\/12\/Lewens_Funkfernbedienung.webp\" class=\"attachment-post-thumbnail size-post-thumbnail ratio-landscape wp-post-image\" alt=\"Radiografische afstandsbediening\" \/>            <\/figure>\n\n\t\t\n    <div class=\"entry-content\">\n\t\t<p>Onze radiografische afstandsbediening maakt het bedienen van uw zonnescherm nog eenvoudiger.<\/p>\n    <\/div><!-- .entry-content -->\n<\/article><!-- #post-9832 -->\n<article id=\"post-9835\" class=\"post-9835 accessory type-accessory status-publish has-post-thumbnail hentry nl-NL teaser-view\"\tdata-href=\"https:\/\/www.lewens.de\/nl\/accessoires\/stralingsverwarmers\/\">\n\t        <header class=\"entry-header\">\n\t\t\t<h2 class=\"entry-title\"><a href=\"https:\/\/www.lewens.de\/nl\/accessoires\/stralingsverwarmers\/\" rel=\"bookmark\">Stralingsverwarmers<\/a><\/h2>        <\/header><!-- .entry-header -->\n\t\n\t\n            <figure class=\"wp-block-image post-thumbnail\" data-href=\"https:\/\/www.lewens.de\/nl\/accessoires\/stralingsverwarmers\/\" aria-hidden=\"true\" tabindex=\"-1\">\n\t\t\t\t<img loading=\"lazy\" decoding=\"async\" width=\"368\" height=\"313\" src=\"https:\/\/www.lewens.de\/wp-content\/uploads\/2025\/11\/Lewens_Zubehoer_Heizstrahler.webp\" class=\"attachment-post-thumbnail size-post-thumbnail ratio-landscape wp-post-image\" alt=\"Stralingsverwarmers\" \/>            <\/figure>\n\n\t\t\n    <div class=\"entry-content\">\n\t\t<p>Comfortabele warmte met \u00e9\u00e9n druk op de knop: de terrasverwarming zorgt voor aangename temperaturen op het terras en balkon.<\/p>\n    <\/div><!-- .entry-content -->\n<\/article><!-- #post-9835 --><\/div>\n<\/div>\n","protected":false},"excerpt":{"rendered":"<p>Overige accessoires<\/p>\n","protected":false},"author":9,"featured_media":0,"parent":0,"menu_order":0,"comment_status":"closed","ping_status":"closed","template":"","meta":{"_locale":"nl_NL","_original_post":"https:\/\/www.lewens.de\/?page_id=396","_thumbnails":[],"footnotes":"","_hide_thumbnail":false},"class_list":["post-9827","page","type-page","status-publish","hentry","nl-NL","teaser-view"],"aioseo_notices":[],"_links":{"self":[{"href":"https:\/\/www.lewens.de\/wp-json\/wp\/v2\/pages\/9827","targetHints":{"allow":["GET"]}}],"collection":[{"href":"https:\/\/www.lewens.de\/wp-json\/wp\/v2\/pages"}],"about":[{"href":"https:\/\/www.lewens.de\/wp-json\/wp\/v2\/types\/page"}],"author":[{"embeddable":true,"href":"https:\/\/www.lewens.de\/wp-json\/wp\/v2\/users\/9"}],"replies":[{"embeddable":true,"href":"https:\/\/www.lewens.de\/wp-json\/wp\/v2\/comments?post=9827"}],"version-history":[{"count":4,"href":"https:\/\/www.lewens.de\/wp-json\/wp\/v2\/pages\/9827\/revisions"}],"predecessor-version":[{"id":11784,"href":"https:\/\/www.lewens.de\/wp-json\/wp\/v2\/pages\/9827\/revisions\/11784"}],"wp:attachment":[{"href":"https:\/\/www.lewens.de\/wp-json\/wp\/v2\/media?parent=9827"}],"curies":[{"name":"wp","href":"https:\/\/api.w.org\/{rel}","templated":true}]}}