{"id":11357,"date":"2026-01-06T18:49:51","date_gmt":"2026-01-06T18:49:51","guid":{"rendered":"https:\/\/www.lewens.de\/?page_id=11357"},"modified":"2026-01-13T07:04:57","modified_gmt":"2026-01-13T07:04:57","slug":"zostac-partnerem","status":"publish","type":"page","link":"https:\/\/www.lewens.de\/pl\/zostac-partnerem\/","title":{"rendered":"Zosta\u0107 partnerem"},"content":{"rendered":"\n<div class=\"wp-block-cover alignfull\" style=\"min-height:65vh;aspect-ratio:unset;\"><img loading=\"lazy\" decoding=\"async\" width=\"2560\" height=\"1422\" class=\"wp-block-cover__image-background wp-image-10432 size-full\" alt=\"\" src=\"https:\/\/www.lewens.de\/wp-content\/uploads\/2025\/12\/Lewens_Partner-Header-scaled.webp\" data-object-fit=\"cover\"\/><span aria-hidden=\"true\" class=\"wp-block-cover__background has-background-dim-0 has-background-dim\"><\/span><div class=\"wp-block-cover__inner-container is-layout-constrained wp-block-cover-is-layout-constrained\">\n<h1 class=\"wp-block-heading has-text-align-center has-extra-large-font-size\">Logowanie partnera<\/h1>\n\n\n\n<div class=\"wp-block-buttons is-content-justification-center is-layout-flex wp-container-core-buttons-is-layout-16018d1d wp-block-buttons-is-layout-flex\">\n<div class=\"wp-block-button\"><a class=\"wp-block-button__link wp-element-button\" href=\"https:\/\/portal.lewens.pl\/\">Przejd\u017a do portalu dla dystrybutor\u00f3w<\/a><\/div>\n<\/div>\n<\/div><\/div>\n\n\n\n<div class=\"wp-block-group has-white-background-color has-background is-layout-constrained wp-block-group-is-layout-constrained\">\n<p class=\"has-text-align-center width-md has-big-font-size\">Lewens oznacza jako\u015b\u0107, niezawodno\u015b\u0107 oraz rozwi\u0105zania szyte na miar\u0119. Jako dystrybutor stawiaj\u0105 Pa\u0144stwo wraz z nami na partnersk\u0105 wsp\u00f3\u0142prac\u0119 na r\u00f3wnych zasadach \u2013 dla wsp\u00f3lnego sukcesu projekt\u00f3w i trwa\u0142ego wzrostu.<\/p>\n<\/div>\n\n\n\n<div class=\"wp-block-group width-md m-130 is-layout-constrained wp-block-group-is-layout-constrained\">\n<h2 class=\"wp-block-heading has-text-align-center has-large-font-size\">Zosta\u0144 partnerem firmy Lewens<\/h2>\n\n\n\n<div class=\"wp-block-contact-form-7-contact-form-selector\">\n<div class=\"wpcf7 no-js\" id=\"wpcf7-f12662-o1\" lang=\"de-DE\" dir=\"ltr\" data-wpcf7-id=\"12662\">\n<div class=\"screen-reader-response\"><p role=\"status\" aria-live=\"polite\" aria-atomic=\"true\"><\/p> <ul><\/ul><\/div>\n<form action=\"\/pl\/wp-json\/wp\/v2\/pages\/11357#wpcf7-f12662-o1\" method=\"post\" class=\"wpcf7-form init wpcf7-acceptance-as-validation\" aria-label=\"Kontaktformular\" novalidate=\"novalidate\" data-status=\"init\">\n<fieldset class=\"hidden-fields-container\"><input type=\"hidden\" name=\"_wpcf7\" value=\"12662\" \/><input type=\"hidden\" name=\"_wpcf7_version\" value=\"6.1.5\" \/><input type=\"hidden\" name=\"_wpcf7_locale\" value=\"de_DE\" \/><input type=\"hidden\" name=\"_wpcf7_unit_tag\" value=\"wpcf7-f12662-o1\" \/><input type=\"hidden\" name=\"_wpcf7_container_post\" value=\"0\" \/><input type=\"hidden\" name=\"_wpcf7_posted_data_hash\" value=\"\" \/>\n<\/fieldset>\n<div class=\"form-item required wp-block-column\">\n    <label for=\"your-company-name\">nazwa firmy<\/label>\n    <span class=\"wpcf7-form-control-wrap\" data-name=\"your-company-name\"><input size=\"40\" maxlength=\"400\" class=\"wpcf7-form-control wpcf7-text wpcf7-validates-as-required\" id=\"your-company-name\" aria-required=\"true\" aria-invalid=\"false\" placeholder=\"nazwa firmy\" value=\"\" type=\"text\" name=\"your-company-name\" \/><\/span>\n<\/div>\n\n<span id=\"wpcf7-69f62aa45d735-wrapper\" class=\"wpcf7-form-control-wrap your-title-wrap\" style=\"text-indent: 100%; white-space: nowrap; overflow: hidden; position: absolute; clip: rect(1px, 1px, 1px, 1px); clip-path: inset(50%); z-index: -1;\"><input type=\"hidden\" name=\"your-title-time-start\" value=\"1777740452\"><input type=\"hidden\" name=\"your-title-time-check\" value=\"10\"><label for=\"wpcf7-69f62aa45d735-field\" class=\"hp-message\">Bitte lasse dieses Feld leer.<\/label><input id=\"wpcf7-69f62aa45d735-field\"  placeholder=\"Spos\u00f3b zwracania si\u0119 do Pa\u0144stwa\"  class=\"wpcf7-form-control wpcf7-text\" type=\"text\" name=\"your-title\" value=\"\" size=\"40\" tabindex=\"-1\" autocomplete=\"new-password\" \/><\/span>\n\n<div class=\"form-item required wp-block-column\">\n    <label for=\"your-name\">osoba kontaktowa<\/label>\n    <span class=\"wpcf7-form-control-wrap\" data-name=\"your-name\"><input size=\"40\" maxlength=\"400\" class=\"wpcf7-form-control wpcf7-text wpcf7-validates-as-required\" id=\"your-name\" aria-required=\"true\" aria-invalid=\"false\" placeholder=\"osoba kontaktowa\" value=\"\" type=\"text\" name=\"your-name\" \/><\/span>\n<\/div>\n\n<div class=\"form-item required wp-block-column\">\n    <label for=\"your-email\">Adres e-mail<\/label>\n    <span class=\"wpcf7-form-control-wrap\" data-name=\"your-email\"><input size=\"40\" maxlength=\"400\" class=\"wpcf7-form-control wpcf7-email wpcf7-validates-as-required wpcf7-text wpcf7-validates-as-email\" id=\"your-email\" aria-required=\"true\" aria-invalid=\"false\" placeholder=\"Adres e-mail\" value=\"\" type=\"email\" name=\"your-email\" \/><\/span>\n<\/div>\n\n<div class=\"form-item required wp-block-column\">\n    <label for=\"your-phone\">numer telefonu<\/label>\n    <span class=\"wpcf7-form-control-wrap\" data-name=\"your-phone\"><input size=\"40\" maxlength=\"400\" class=\"wpcf7-form-control wpcf7-tel wpcf7-validates-as-required wpcf7-text wpcf7-validates-as-tel\" id=\"your-phone\" aria-required=\"true\" aria-invalid=\"false\" placeholder=\"numer telefonu\" value=\"\" type=\"tel\" name=\"your-phone\" \/><\/span>\n<\/div>\n\n<p style=\"margin-top: -10px; opacity: .5;\">*Pola obowi\u0105zkowe<\/p>\n\n<span class=\"wpcf7-form-control-wrap\" data-name=\"acceptance\"><span class=\"wpcf7-form-control wpcf7-acceptance\"><span class=\"wpcf7-list-item\"><label><input type=\"checkbox\" name=\"acceptance\" value=\"1\" class=\"privacy-policy\" aria-invalid=\"false\" \/><span class=\"wpcf7-list-item-label\">Wysy\u0142aj\u0105c ten formularz, wyra\u017casz zgod\u0119 na nasz\u0105 <a href=\"\/datenschutz\/\">polityk\u0119 prywatno\u015bci<\/a>. Twoje dane b\u0119d\u0105 wykorzystywane wy\u0142\u0105cznie w celu przetworzenia Twojego zapytania.<\/span><\/label><\/span><\/span><\/span>\n\n<p class=\"has-text-align-center\">\n    <button type=\"submit\" class=\"is-style-outline\">Skontaktuj si\u0119 z nami teraz<\/button>\n<\/p><div class=\"wpcf7-response-output\" aria-hidden=\"true\"><\/div>\n<\/form>\n<\/div>\n<\/div>\n<\/div>\n\n\n\n<div class=\"wp-block-group alignfull has-light-gray-background-color has-background is-layout-constrained wp-block-group-is-layout-constrained\">\n<h2 class=\"wp-block-heading has-text-align-center has-large-font-size\">7 dobrych powod\u00f3w, aby zosta\u0107 partnerem<\/h2>\n\n\n\n<div class=\"wp-block-columns alignwide is-layout-flex wp-container-core-columns-is-layout-9d6595d7 wp-block-columns-is-layout-flex\">\n<div class=\"wp-block-column is-layout-flow wp-block-column-is-layout-flow\" style=\"flex-basis:25%\">\n<figure class=\"wp-block-image aligncenter size-full is-resized\"><img decoding=\"async\" src=\"https:\/\/www.lewens.de\/wp-content\/uploads\/2025\/11\/Lewens_Icon_Gestaltungsmoeglichkeiten.svg\" alt=\"\" class=\"wp-image-8575\" style=\"width:auto;height:150px\"\/><\/figure>\n\n\n\n<p class=\"has-text-align-center has-tiny-font-size\" style=\"text-transform:uppercase\"><strong>R\u00d3\u017bNORODNE<br>MO\u017bLIWO\u015aCI ARAN\u017bACJI<\/strong><\/p>\n\n\n\n<p class=\"has-text-align-center has-copy-font-size\">dzi\u0119ki 300 wzorom tkanin<br>i 30 kolorom konstrukcji<br>bez dop\u0142aty.<\/p>\n<\/div>\n\n\n\n<div class=\"wp-block-column is-layout-flow wp-block-column-is-layout-flow\" style=\"flex-basis:25%\">\n<figure class=\"wp-block-image aligncenter size-full is-resized\"><img decoding=\"async\" src=\"https:\/\/www.lewens.de\/wp-content\/uploads\/2025\/11\/Lewens_Icon_Professioneller-Aussendienstservice.svg\" alt=\"\" class=\"wp-image-8578\" style=\"width:auto;height:150px\"\/><\/figure>\n\n\n\n<p class=\"has-text-align-center has-tiny-font-size\" style=\"text-transform:uppercase\"><strong>PROFESJONALNA OBS\u0141UGA PRZEDSTAWICIELI TERENOWYCH<\/strong><\/p>\n\n\n\n<p class=\"has-text-align-center has-copy-font-size\">dzi\u0119ki indywidualnemu doradztwu<br>bezpo\u015brednio u Pa\u0144stwa na miejscu.<\/p>\n<\/div>\n\n\n\n<div class=\"wp-block-column is-layout-flow wp-block-column-is-layout-flow\" style=\"flex-basis:25%\">\n<figure class=\"wp-block-image aligncenter size-full is-resized\"><img decoding=\"async\" src=\"https:\/\/www.lewens.de\/wp-content\/uploads\/2025\/11\/Lewens_Icon_Quality.svg\" alt=\"\" class=\"wp-image-8577\" style=\"width:auto;height:150px\"\/><\/figure>\n\n\n\n<p class=\"has-text-align-center has-tiny-font-size\" style=\"text-transform:uppercase\"><strong>NAJWY\u017bSZA JAKO\u015a\u0106 PRODUKTU<\/strong><\/p>\n\n\n\n<p class=\"has-text-align-center has-copy-font-size\">gwarantuje trwa\u0142o\u015b\u0107 i ochron\u0119 przez wiele lat.<\/p>\n<\/div>\n\n\n\n<div class=\"wp-block-column is-layout-flow wp-block-column-is-layout-flow\" style=\"flex-basis:25%\">\n<figure class=\"wp-block-image aligncenter size-full is-resized\"><img decoding=\"async\" src=\"https:\/\/www.lewens.de\/wp-content\/uploads\/2025\/11\/Lewens_Icon_Effizientes-Familienunternehmen.svg\" alt=\"\" class=\"wp-image-8574\" style=\"width:auto;height:150px\"\/><\/figure>\n\n\n\n<p class=\"has-text-align-center has-tiny-font-size\" style=\"text-transform:uppercase\"><strong>EFEKTYWNA<\/strong><br><strong>RODZINNA FIRMA<\/strong><\/p>\n\n\n\n<p class=\"has-text-align-center has-copy-font-size\">Kr\u00f3tkie \u015bcie\u017cki decyzyjne zapewniaj\u0105 elastyczno\u015b\u0107 i szybk\u0105 realizacj\u0119.<\/p>\n<\/div>\n<\/div>\n\n\n\n<div class=\"wp-block-columns width-1012 is-layout-flex wp-container-core-columns-is-layout-9d6595d7 wp-block-columns-is-layout-flex\">\n<div class=\"wp-block-column is-layout-flow wp-block-column-is-layout-flow\">\n<figure class=\"wp-block-image aligncenter size-full is-resized\"><img decoding=\"async\" src=\"https:\/\/www.lewens.de\/wp-content\/uploads\/2025\/11\/Lewens_Icon_Vollstufige-Produktion.svg\" alt=\"\" class=\"wp-image-8576\" style=\"width:auto;height:150px\"\/><\/figure>\n\n\n\n<p class=\"has-text-align-center has-tiny-font-size\" style=\"text-transform:uppercase\"><strong>PE\u0141NOSPEKTRALNA PRODUKCJA<\/strong><\/p>\n\n\n\n<p class=\"has-text-align-center has-copy-font-size\">na powierzchni 36 000 m\u00b2 \u2013 w ca\u0142o\u015bci wyprodukowane w Niemczech.<\/p>\n<\/div>\n\n\n\n<div class=\"wp-block-column is-layout-flow wp-block-column-is-layout-flow\">\n<figure class=\"wp-block-image aligncenter size-full is-resized\"><img decoding=\"async\" src=\"https:\/\/www.lewens.de\/wp-content\/uploads\/2025\/11\/Lewens_Icon_Awards.svg\" alt=\"\" class=\"wp-image-8572\" style=\"width:auto;height:150px\"\/><\/figure>\n\n\n\n<p class=\"has-text-align-center has-tiny-font-size\" style=\"text-transform:uppercase\"><strong>WIELOKROTNIE NAGRODZONE SYSTEMY<\/strong><\/p>\n\n\n\n<p class=\"has-text-align-center has-copy-font-size\">takie jak dach szklany<br>Murano Integrale oraz pergola Portofino.<\/p>\n<\/div>\n\n\n\n<div class=\"wp-block-column is-layout-flow wp-block-column-is-layout-flow\">\n<figure class=\"wp-block-image aligncenter size-full is-resized\"><img decoding=\"async\" src=\"https:\/\/www.lewens.de\/wp-content\/uploads\/2025\/11\/Lewens_Icon_Schnelle-Montage.svg\" alt=\"\" class=\"wp-image-8573\" style=\"width:auto;height:150px\"\/><\/figure>\n\n\n\n<p class=\"has-text-align-center has-tiny-font-size\" style=\"text-transform:uppercase\"><strong>SZYBKI MONTA\u017b<\/strong><\/p>\n\n\n\n<p class=\"has-text-align-center has-copy-font-size\">dzi\u0119ki konstrukcjom u\u0142atwiaj\u0105cym monta\u017c.<\/p>\n<\/div>\n<\/div>\n<\/div>\n","protected":false},"excerpt":{"rendered":"<p>Lewens oznacza jako\u015b\u0107, niezawodno\u015b\u0107 oraz rozwi\u0105zania szyte na miar\u0119. Jako dystrybutor stawiaj\u0105 Pa\u0144stwo wraz z nami na partnersk\u0105 wsp\u00f3\u0142prac\u0119 na r\u00f3wnych zasadach \u2013 dla wsp\u00f3lnego sukcesu projekt\u00f3w i trwa\u0142ego wzrostu. Zosta\u0144 partnerem firmy Lewens 7 dobrych powod\u00f3w, aby zosta\u0107 partnerem R\u00d3\u017bNORODNEMO\u017bLIWO\u015aCI ARAN\u017bACJI dzi\u0119ki 300 wzorom tkanini 30 kolorom konstrukcjibez dop\u0142aty. PROFESJONALNA OBS\u0141UGA PRZEDSTAWICIELI TERENOWYCH dzi\u0119ki [&hellip;]<\/p>\n","protected":false},"author":3,"featured_media":0,"parent":0,"menu_order":0,"comment_status":"closed","ping_status":"closed","template":"","meta":{"_locale":"pl_PL","_original_post":"https:\/\/www.lewens.de\/?page_id=5275","_thumbnails":[],"footnotes":"","_hide_thumbnail":false},"class_list":["post-11357","page","type-page","status-publish","hentry","pl-PL","teaser-view"],"aioseo_notices":[],"_links":{"self":[{"href":"https:\/\/www.lewens.de\/wp-json\/wp\/v2\/pages\/11357","targetHints":{"allow":["GET"]}}],"collection":[{"href":"https:\/\/www.lewens.de\/wp-json\/wp\/v2\/pages"}],"about":[{"href":"https:\/\/www.lewens.de\/wp-json\/wp\/v2\/types\/page"}],"author":[{"embeddable":true,"href":"https:\/\/www.lewens.de\/wp-json\/wp\/v2\/users\/3"}],"replies":[{"embeddable":true,"href":"https:\/\/www.lewens.de\/wp-json\/wp\/v2\/comments?post=11357"}],"version-history":[{"count":3,"href":"https:\/\/www.lewens.de\/wp-json\/wp\/v2\/pages\/11357\/revisions"}],"predecessor-version":[{"id":12663,"href":"https:\/\/www.lewens.de\/wp-json\/wp\/v2\/pages\/11357\/revisions\/12663"}],"wp:attachment":[{"href":"https:\/\/www.lewens.de\/wp-json\/wp\/v2\/media?parent=11357"}],"curies":[{"name":"wp","href":"https:\/\/api.w.org\/{rel}","templated":true}]}}