{"id":12153,"date":"2026-01-06T13:26:40","date_gmt":"2026-01-06T13:26:40","guid":{"rendered":"https:\/\/www.lewens.de\/?page_id=12153"},"modified":"2026-01-12T15:09:22","modified_gmt":"2026-01-12T15:09:22","slug":"tkaniny-i-dodatki","status":"publish","type":"page","link":"https:\/\/www.lewens.de\/pl\/tkaniny-i-dodatki\/","title":{"rendered":"Tkaniny i dodatki"},"content":{"rendered":"\n<div class=\"wp-block-cover alignfull\" style=\"min-height:100vh;aspect-ratio:unset;\"><img loading=\"lazy\" decoding=\"async\" width=\"1361\" height=\"530\" class=\"wp-block-cover__image-background wp-image-417\" alt=\"\" src=\"https:\/\/www.lewens.de\/wp-content\/uploads\/2024\/12\/Rectangle-44-2.png\" data-object-fit=\"cover\"\/><span aria-hidden=\"true\" class=\"wp-block-cover__background has-background-dim-60 has-background-dim wp-block-cover__gradient-background has-background-gradient\" style=\"background:linear-gradient(90deg,rgb(0,0,0) 39%,rgba(255,255,255,0) 100%)\"><\/span><div class=\"wp-block-cover__inner-container is-layout-constrained wp-block-cover-is-layout-constrained\">\n<h1 class=\"wp-block-heading has-text-align-center has-large-font-size\"><strong>Tkaniny i dodatki<\/strong><\/h1>\n<\/div><\/div>\n\n\n\n<div class=\"wp-block-group alignfull pb-0 has-background is-layout-constrained wp-block-group-is-layout-constrained\" style=\"background:linear-gradient(180deg,rgb(255,255,255) 68%,rgb(255,222,19) 68%)\">\n<div class=\"wp-block-media-text is-stacked-on-mobile is-image-fill-element has-light-gray-background-color has-background\"><figure class=\"wp-block-media-text__media\"><img loading=\"lazy\" decoding=\"async\" width=\"1136\" height=\"910\" src=\"https:\/\/www.lewens.de\/wp-content\/uploads\/2025\/04\/Lewens_Markisen-Tuecher.webp\" alt=\"\" class=\"wp-image-3300 size-full\" style=\"object-position:50% 50%\"\/><\/figure><div class=\"wp-block-media-text__content\">\n<h2 class=\"wp-block-heading\"><strong>Tkaniny markizowe \u2013 ochrona z klas\u0105<\/strong><\/h2>\n\n\n\n<p class=\"has-black-color has-text-color has-link-color wp-elements-d91df3159aa7fc59615f9a1eb7ad6661\">Dzi\u0119ki setkom wzor\u00f3w i szerokiej gamie jako\u015bci tkanin, nasza kolekcja oferuje odpowiednie pokrycie dla ka\u017cdego gustu.<\/p>\n\n\n\n<div class=\"wp-block-buttons is-layout-flex wp-block-buttons-is-layout-flex\">\n<div class=\"wp-block-button is-style-outline is-style-outline--1\"><a class=\"wp-block-button__link has-black-color has-text-color has-link-color wp-element-button\" href=\"https:\/\/www.lewens.de\/pl\/tkaniny-markizowe\/\">Do tkanin markizowych<\/a><\/div>\n<\/div>\n<\/div><\/div>\n<\/div>\n\n\n\n<div class=\"wp-block-group alignfull fabric-materials has-yellow-background-color has-background is-layout-constrained wp-container-core-group-is-layout-fa01cdab wp-block-group-is-layout-constrained\">\n<div class=\"wp-block-columns is-layout-flex wp-container-core-columns-is-layout-9d6595d7 wp-block-columns-is-layout-flex\">\n<div class=\"wp-block-column has-error-color has-text-color has-link-color wp-elements-49cc1c6f1c2591824d5f904a0f613b11 is-content-justification-center is-layout-constrained wp-container-core-column-is-layout-8252f5da wp-block-column-is-layout-constrained\">\n<div class=\"wp-block-group is-layout-constrained wp-block-group-is-layout-constrained\">\n<figure class=\"wp-block-image aligncenter size-full is-resized\"><img decoding=\"async\" src=\"https:\/\/www.lewens.de\/wp-content\/uploads\/2025\/04\/Lewens-_Multistreifen_Icon.svg\" alt=\"\" class=\"wp-image-4068\" style=\"width:85px\"\/><\/figure>\n\n\n\n<p class=\"has-text-align-center has-anthracite-color has-text-color has-link-color has-tiny-font-size wp-elements-cf4dbc2200feeec0665e1264ac18d33e\" style=\"text-transform:uppercase\"><strong><strong>Wielobarwne paski<\/strong><\/strong><\/p>\n\n\n\n<p class=\"has-text-align-center has-black-color has-text-color has-link-color wp-elements-966c040f5c7df6908435ca15e1491e01\">R\u00f3\u017cnorodno\u015b\u0107 linii i kolor\u00f3w wprowadza ekscytacj\u0119 \u2013 dla efektownych powierzchni tekstylnych.<\/p>\n<\/div>\n<\/div>\n\n\n\n<div class=\"wp-block-column has-error-color has-text-color has-link-color wp-elements-5c20b8fef27d9c9551a1e64de396e09a is-layout-constrained wp-container-core-column-is-layout-d6687306 wp-block-column-is-layout-constrained\">\n<div class=\"wp-block-group is-layout-constrained wp-block-group-is-layout-constrained\">\n<figure class=\"wp-block-image aligncenter size-full is-resized\"><img decoding=\"async\" src=\"https:\/\/www.lewens.de\/wp-content\/uploads\/2025\/04\/Lewens-_Blockstreifen_Icon-1.svg\" alt=\"\" class=\"wp-image-4069\" style=\"width:85px\"\/><\/figure>\n\n\n\n<p class=\"has-text-align-center has-black-color has-text-color has-link-color has-tiny-font-size wp-elements-25baab0fa3bb4222890813501c7cbc57\" style=\"text-transform:uppercase\"><strong><strong>Paski blokowe<\/strong><\/strong><\/p>\n\n\n\n<p class=\"has-text-align-center has-black-color has-text-color has-link-color wp-elements-add8a0bd4eb7a8caf5b8b866dbd81413\">Szerokie paski dla wyra\u017anych akcent\u00f3w i mocnego wygl\u0105du.<\/p>\n<\/div>\n<\/div>\n\n\n\n<div class=\"wp-block-column has-error-color has-text-color has-link-color wp-elements-c00dadf89fb105337df26ad298631b94 is-layout-constrained wp-container-core-column-is-layout-d6687306 wp-block-column-is-layout-constrained\" style=\"flex-basis:304px\">\n<div class=\"wp-block-group is-layout-constrained wp-block-group-is-layout-constrained\">\n<figure class=\"wp-block-image aligncenter size-full is-resized\"><img decoding=\"async\" src=\"https:\/\/www.lewens.de\/wp-content\/uploads\/2025\/04\/Lewens-_Uni_Icon.svg\" alt=\"\" class=\"wp-image-4066\" style=\"width:85px\"\/><\/figure>\n\n\n\n<p class=\"has-text-align-center has-black-color has-text-color has-link-color has-tiny-font-size wp-elements-b201841c85ba363c1aa203fc946ebaf8\" style=\"text-transform:uppercase\"><strong><strong>G\u0142adkie \/ delikatna struktura<\/strong><\/strong><\/p>\n\n\n\n<p class=\"has-text-align-center has-black-color has-text-color has-link-color wp-elements-549939434959e9d94a639e9a75461419\">Drobne tekstury i stonowane kolory dla eleganckich powierzchni z g\u0142\u0119bi\u0105.<\/p>\n<\/div>\n<\/div>\n<\/div>\n\n\n\n<div class=\"wp-block-buttons is-content-justification-center is-layout-flex wp-container-core-buttons-is-layout-16018d1d wp-block-buttons-is-layout-flex\">\n<div class=\"wp-block-button is-style-outline is-style-outline--2\"><a class=\"wp-block-button__link has-black-color has-text-color has-link-color wp-element-button\" href=\"https:\/\/www.lewens.de\/pl\/tkaniny-jakosc\/\">Wi\u0119cej informacji o naszych materia\u0142ach<\/a><\/div>\n<\/div>\n<\/div>\n\n\n\n<div class=\"wp-block-group is-layout-constrained wp-block-group-is-layout-constrained\">\n<div class=\"wp-block-media-text has-media-on-the-right is-stacked-on-mobile is-image-fill-element has-white-background-color has-background\"><div class=\"wp-block-media-text__content\">\n<h2 class=\"wp-block-heading has-black-color has-text-color has-link-color wp-elements-433f618dea9b815957c16c9a55fc85c4\"><strong>Falbany i ta\u015bmy brzegowe<\/strong><\/h2>\n\n\n\n<p>Dodaj indywidualne akcenty dzi\u0119ki r\u00f3\u017cnym kszta\u0142tom falban i kolorowym ta\u015bmom wyko\u0144czeniowym. Ton w ton lub celowy kontrast \u2013 wyb\u00f3r nale\u017cy do Ciebie.<\/p>\n\n\n\n<div class=\"wp-block-buttons is-layout-flex wp-block-buttons-is-layout-flex\">\n<div class=\"wp-block-button is-style-outline is-style-outline--3\"><a class=\"wp-block-button__link has-black-color has-text-color has-link-color wp-element-button\" href=\"\/pl\/falbany-i-tasmy-brzegowe\/\">Do falban i lam\u00f3wek<\/a><\/div>\n<\/div>\n<\/div><figure class=\"wp-block-media-text__media\"><img loading=\"lazy\" decoding=\"async\" width=\"680\" height=\"545\" src=\"https:\/\/www.lewens.de\/wp-content\/uploads\/2024\/12\/Rectangle-250-1.png\" alt=\"\" class=\"wp-image-362 size-full\" style=\"object-position:50% 50%\"\/><\/figure><\/div>\n<\/div>\n\n\n\n<div class=\"wp-block-group is-layout-constrained wp-block-group-is-layout-constrained\">\n<div class=\"wp-block-media-text is-stacked-on-mobile is-image-fill-element has-white-background-color has-background\"><figure class=\"wp-block-media-text__media\"><img loading=\"lazy\" decoding=\"async\" width=\"568\" height=\"456\" src=\"https:\/\/www.lewens.de\/wp-content\/uploads\/2025\/01\/Rectangle-250-5.png\" alt=\"\" class=\"wp-image-595 size-full\" style=\"object-position:50% 50%\"\/><\/figure><div class=\"wp-block-media-text__content\">\n<h2 class=\"wp-block-heading has-black-color has-text-color has-link-color wp-elements-a7ddbadb626d198eed4610fcda4eb0ad\"><strong>Kolory ram<\/strong><\/h2>\n\n\n\n<p class=\"has-black-color has-text-color has-link-color wp-elements-7edb22aa9e461429f3d7fab66e7769e1\">30 standardowych kolor\u00f3w bez dodatkowych op\u0142at i setki opcjonalnych kolor\u00f3w RAL \u2013 plus kolory specjalne za dodatkow\u0105 op\u0142at\u0105: Zaprojektuj markiz\u0119 zgodnie ze swoimi pomys\u0142ami.<\/p>\n\n\n\n<div class=\"wp-block-buttons is-layout-flex wp-block-buttons-is-layout-flex\">\n<div class=\"wp-block-button is-style-outline is-style-outline--4\"><a class=\"wp-block-button__link has-black-color has-text-color has-link-color wp-element-button\" href=\"https:\/\/www.lewens.de\/pl\/kolory-konstrukcji\/\">Do kolor\u00f3w konstrukcji<\/a><\/div>\n<\/div>\n<\/div><\/div>\n<\/div>\n\n\n\n<div class=\"wp-block-media-text has-media-on-the-right is-stacked-on-mobile is-image-fill-element has-yellow-background-color has-background\"><div class=\"wp-block-media-text__content\">\n<h2 class=\"wp-block-heading has-black-color has-text-color has-link-color wp-elements-f89cbafca603d8eaac9fe200e1f7c190\"><strong>Produkty uzupe\u0142niaj\u0105ce<\/strong><\/h2>\n\n\n\n<p class=\"has-black-color has-text-color has-link-color wp-elements-775abb88be0611700122bd5981de59c1\">Ciep\u0142o, \u015bwiat\u0142o, inteligentne sterowanie: dzi\u0119ki odpowiednim akcesoriom markiza mo\u017ce by\u0107 dostosowana do Twoich potrzeb.<\/p>\n\n\n\n<div class=\"wp-block-buttons is-layout-flex wp-block-buttons-is-layout-flex\">\n<div class=\"wp-block-button is-style-outline is-style-outline--5\"><a class=\"wp-block-button__link has-black-color has-text-color has-link-color wp-element-button\" href=\"https:\/\/www.lewens.de\/pl\/akcesoria\/\">Do akcesori\u00f3w<\/a><\/div>\n<\/div>\n<\/div><figure class=\"wp-block-media-text__media\"><img loading=\"lazy\" decoding=\"async\" width=\"568\" height=\"457\" src=\"https:\/\/www.lewens.de\/wp-content\/uploads\/2025\/09\/Lewens_Positano_LED_Streifen-1.webp\" alt=\"\" class=\"wp-image-5646 size-full\" style=\"object-position:50% 50%\"\/><\/figure><\/div>\n","protected":false},"excerpt":{"rendered":"<p>Tkaniny markizowe \u2013 ochrona z klas\u0105 Dzi\u0119ki setkom wzor\u00f3w i szerokiej gamie jako\u015bci tkanin, nasza kolekcja oferuje odpowiednie pokrycie dla ka\u017cdego gustu. Wielobarwne paski R\u00f3\u017cnorodno\u015b\u0107 linii i kolor\u00f3w wprowadza ekscytacj\u0119 \u2013 dla efektownych powierzchni tekstylnych. Paski blokowe Szerokie paski dla wyra\u017anych akcent\u00f3w i mocnego wygl\u0105du. G\u0142adkie \/ delikatna struktura Drobne tekstury i stonowane kolory dla [&hellip;]<\/p>\n","protected":false},"author":3,"featured_media":0,"parent":0,"menu_order":0,"comment_status":"closed","ping_status":"closed","template":"","meta":{"_locale":"pl_PL","_original_post":"https:\/\/www.lewens.de\/?page_id=558","_thumbnails":[],"footnotes":"","_hide_thumbnail":false},"class_list":["post-12153","page","type-page","status-publish","hentry","pl-PL","teaser-view"],"aioseo_notices":[],"_links":{"self":[{"href":"https:\/\/www.lewens.de\/wp-json\/wp\/v2\/pages\/12153","targetHints":{"allow":["GET"]}}],"collection":[{"href":"https:\/\/www.lewens.de\/wp-json\/wp\/v2\/pages"}],"about":[{"href":"https:\/\/www.lewens.de\/wp-json\/wp\/v2\/types\/page"}],"author":[{"embeddable":true,"href":"https:\/\/www.lewens.de\/wp-json\/wp\/v2\/users\/3"}],"replies":[{"embeddable":true,"href":"https:\/\/www.lewens.de\/wp-json\/wp\/v2\/comments?post=12153"}],"version-history":[{"count":4,"href":"https:\/\/www.lewens.de\/wp-json\/wp\/v2\/pages\/12153\/revisions"}],"predecessor-version":[{"id":12655,"href":"https:\/\/www.lewens.de\/wp-json\/wp\/v2\/pages\/12153\/revisions\/12655"}],"wp:attachment":[{"href":"https:\/\/www.lewens.de\/wp-json\/wp\/v2\/media?parent=12153"}],"curies":[{"name":"wp","href":"https:\/\/api.w.org\/{rel}","templated":true}]}}