{"id":12172,"date":"2026-01-06T11:57:34","date_gmt":"2026-01-06T11:57:34","guid":{"rendered":"https:\/\/www.lewens.de\/?page_id=12172"},"modified":"2026-01-06T11:57:37","modified_gmt":"2026-01-06T11:57:37","slug":"oferty-pracy","status":"publish","type":"page","link":"https:\/\/www.lewens.de\/pl\/kariera\/oferty-pracy\/","title":{"rendered":"Oferty pracy"},"content":{"rendered":"\n<div class=\"wp-block-group alignfull big-sun-bg has-yellow-background-color has-background is-layout-constrained wp-block-group-is-layout-constrained\">\n<div class=\"wp-block-group alignwide is-layout-constrained wp-block-group-is-layout-constrained\">\n<h1 class=\"wp-block-heading alignwide has-black-color has-text-color has-link-color wp-elements-d21a43eb869305f92ec5a7e9c0dc205f\"><strong>Wzmacniamy nasz zesp\u00f3\u0142<\/strong><\/h1>\n<\/div>\n\n\n\n<div class=\"wp-block-group is-layout-constrained wp-block-group-is-layout-constrained\">\n<p class=\"has-text-align-center h3 width-md has-black-color has-text-color has-link-color wp-elements-6f7065592c98642070232907b2e64bf8\">W Lewens mo\u017cesz pom\u00f3c kszta\u0142towa\u0107 przysz\u0142o\u015b\u0107 w zakresie ochrony przeciws\u0142onecznej. Jako firma rodzinna z prawie 25-letni\u0105 tradycj\u0105 oferujemy ponad 200 pracownikom nowoczesne \u015brodowisko pracy z elastycznymi godzinami pracy i atrakcyjnymi \u015bwiadczeniami. Rozwijaj si\u0119 razem z nami \u2013 w bran\u017cy o \u015bwietlanej przysz\u0142o\u015bci.<\/p>\n<\/div>\n\n\n\n<div class=\"wp-block-group is-layout-constrained wp-block-group-is-layout-constrained\">\n<figure class=\"wp-block-image aligncenter size-full\"><img decoding=\"async\" src=\"https:\/\/www.lewens.de\/wp-content\/uploads\/2025\/04\/Gelber-Punkt.svg\" alt=\"\" class=\"wp-image-3716\" style=\"object-fit:cover\"\/><\/figure>\n<\/div>\n<\/div>\n\n\n\n<div class=\"wp-block-group alignfull image-grid width-xxl is-layout-constrained wp-block-group-is-layout-constrained\">\n<figure class=\"wp-block-image size-full\"><img loading=\"lazy\" decoding=\"async\" width=\"532\" height=\"666\" src=\"https:\/\/www.lewens.de\/wp-content\/uploads\/2025\/11\/Lewens_Stellenangebote_01.webp\" alt=\"\" class=\"wp-image-8625\"\/><\/figure>\n\n\n\n<figure class=\"wp-block-image size-full\"><img loading=\"lazy\" decoding=\"async\" width=\"296\" height=\"370\" src=\"https:\/\/www.lewens.de\/wp-content\/uploads\/2025\/11\/Lewens_Stellenangebote_04.webp\" alt=\"\" class=\"wp-image-8622\"\/><\/figure>\n\n\n\n<figure class=\"wp-block-image size-full\"><img loading=\"lazy\" decoding=\"async\" width=\"266\" height=\"177\" src=\"https:\/\/www.lewens.de\/wp-content\/uploads\/2025\/03\/Rectangle-384-1.webp\" alt=\"\" class=\"wp-image-2981\"\/><\/figure>\n\n\n\n<figure class=\"wp-block-image size-full\"><img loading=\"lazy\" decoding=\"async\" width=\"532\" height=\"354\" src=\"https:\/\/www.lewens.de\/wp-content\/uploads\/2025\/11\/Lewens_Stellenangebote_03.webp\" alt=\"\" class=\"wp-image-8624\"\/><\/figure>\n\n\n\n<figure class=\"wp-block-image size-full\"><img loading=\"lazy\" decoding=\"async\" width=\"532\" height=\"666\" src=\"https:\/\/www.lewens.de\/wp-content\/uploads\/2025\/11\/Lewens_Stellenangebote_05.webp\" alt=\"\" class=\"wp-image-8621\"\/><\/figure>\n<\/div>\n\n\n\n<div data-uuid=\"a590b23f-445e-44c6-b9e3-fb86144753b1\" data-grid=\"1\" class=\"wp-block-posts-list-block job-posts-list wp-block-group is-layout-grid wp-block-group-is-layout-grid\"><span class=\"posts-list--do-not-append\" data-result-cnt=\"11\" hidden><span>11 wynik\u00f3w<\/span><\/span>\n\t\t\t\n<article id=\"post-10651\" class=\"post-10651 job type-job status-publish hentry job_department-verwaltung job_location-ludwigslust pl-PL teaser-view\">\n\t        <header class=\"entry-header\">\n\t\t\t<h2 class=\"entry-title\"><a href=\"https:\/\/www.lewens.de\/pl\/oferty-pracy\/technischer-sachbearbeiter\/\" rel=\"bookmark\">Technischer Sachbearbeiter (m\/w\/d)<\/a><\/h2>\n\t\t\t        <\/header><!-- .entry-header -->\n\t\n            <div class=\"entry-meta\">\n                            <div class=\"job-department-list\">\n\t\t            Verwaltung                <\/div>\n                            <div class=\"job-location-list\">\n\t\t            Ludwigslust                <\/div>\n                    <\/div>\n    \n    <div class=\"entry-content\">\n\t\t<a href=\"https:\/\/www.lewens.de\/pl\/oferty-pracy\/technischer-sachbearbeiter\/\"><i class=\"icon icont-arrow-right-small-thin\"><\/i><\/a>    <\/div><!-- .entry-content -->\n<\/article><!-- #post-10651 -->\n\n<article id=\"post-10645\" class=\"post-10645 job type-job status-publish hentry job_department-aussenmontage job_location-bundesweit pl-PL teaser-view\">\n\t        <header class=\"entry-header\">\n\t\t\t<h2 class=\"entry-title\"><a href=\"https:\/\/www.lewens.de\/pl\/oferty-pracy\/servicetechniker-monteure\/\" rel=\"bookmark\">Servicetechniker\/ Monteure (m\/w\/d)<\/a><\/h2>\n\t\t\t        <\/header><!-- .entry-header -->\n\t\n            <div class=\"entry-meta\">\n                            <div class=\"job-department-list\">\n\t\t            Au\u00dfenmontage                <\/div>\n                            <div class=\"job-location-list\">\n\t\t            Bundesweit                <\/div>\n                    <\/div>\n    \n    <div class=\"entry-content\">\n\t\t<a href=\"https:\/\/www.lewens.de\/pl\/oferty-pracy\/servicetechniker-monteure\/\"><i class=\"icon icont-arrow-right-small-thin\"><\/i><\/a>    <\/div><!-- .entry-content -->\n<\/article><!-- #post-10645 -->\n\n<article id=\"post-10643\" class=\"post-10643 job type-job status-publish hentry job_department-produktion job_department-produktion-bereich-naeherei job_location-ludwigslust pl-PL teaser-view\">\n\t        <header class=\"entry-header\">\n\t\t\t<h2 class=\"entry-title\"><a href=\"https:\/\/www.lewens.de\/pl\/oferty-pracy\/mitarbeiter-in-der-naeherei\/\" rel=\"bookmark\">Mitarbeiter in der N\u00e4herei (m\/w\/d)<\/a><\/h2>\n\t\t\t        <\/header><!-- .entry-header -->\n\t\n            <div class=\"entry-meta\">\n                            <div class=\"job-department-list\">\n\t\t            Produktion, Produktion - Bereich N\u00e4herei                <\/div>\n                            <div class=\"job-location-list\">\n\t\t            Ludwigslust                <\/div>\n                    <\/div>\n    \n    <div class=\"entry-content\">\n\t\t<a href=\"https:\/\/www.lewens.de\/pl\/oferty-pracy\/mitarbeiter-in-der-naeherei\/\"><i class=\"icon icont-arrow-right-small-thin\"><\/i><\/a>    <\/div><!-- .entry-content -->\n<\/article><!-- #post-10643 -->\n\n<article id=\"post-10641\" class=\"post-10641 job type-job status-publish hentry job_department-qualitaetssicherung job_location-ludwigslust pl-PL teaser-view\">\n\t        <header class=\"entry-header\">\n\t\t\t<h2 class=\"entry-title\"><a href=\"https:\/\/www.lewens.de\/pl\/oferty-pracy\/mitarbeiter-im-qualitaetsmanagement-m-w-d\/\" rel=\"bookmark\">Mitarbeiter im Qualit\u00e4tsmanagement (m\/w\/d)<\/a><\/h2>\n\t\t\t        <\/header><!-- .entry-header -->\n\t\n            <div class=\"entry-meta\">\n                            <div class=\"job-department-list\">\n\t\t            Qualit\u00e4tssicherung                <\/div>\n                            <div class=\"job-location-list\">\n\t\t            Ludwigslust                <\/div>\n                    <\/div>\n    \n    <div class=\"entry-content\">\n\t\t<a href=\"https:\/\/www.lewens.de\/pl\/oferty-pracy\/mitarbeiter-im-qualitaetsmanagement-m-w-d\/\"><i class=\"icon icont-arrow-right-small-thin\"><\/i><\/a>    <\/div><!-- .entry-content -->\n<\/article><!-- #post-10641 -->\n\n<article id=\"post-10596\" class=\"post-10596 job type-job status-publish hentry job_department-produktion job_department-produktion-bereich-beschichtung job_location-ludwigslust pl-PL teaser-view\">\n\t        <header class=\"entry-header\">\n\t\t\t<h2 class=\"entry-title\"><a href=\"https:\/\/www.lewens.de\/pl\/oferty-pracy\/mitarbeiter-fuer-die-beschichtung-montage-und-versand-von-markisen-und-glasdaechern\/\" rel=\"bookmark\">Mit&shy;ar&shy;bei&shy;ter f\u00fcr die Be&shy;schich&shy;tung, Mon&shy;tage und Ver&shy;sand von Mar&shy;kisen und Glas&shy;d\u00e4ch&shy;ern (m\/w\/d)<\/a><\/h2>\n\t\t\t        <\/header><!-- .entry-header -->\n\t\n            <div class=\"entry-meta\">\n                            <div class=\"job-department-list\">\n\t\t            Produktion, Produktion - Bereich Beschichtung                <\/div>\n                            <div class=\"job-location-list\">\n\t\t            Ludwigslust                <\/div>\n                    <\/div>\n    \n    <div class=\"entry-content\">\n\t\t<a href=\"https:\/\/www.lewens.de\/pl\/oferty-pracy\/mitarbeiter-fuer-die-beschichtung-montage-und-versand-von-markisen-und-glasdaechern\/\"><i class=\"icon icont-arrow-right-small-thin\"><\/i><\/a>    <\/div><!-- .entry-content -->\n<\/article><!-- #post-10596 -->\n\n<article id=\"post-11442\" class=\"post-11442 job type-job status-publish hentry job_department-lager job_location-ludwigslust pl-PL teaser-view\">\n\t        <header class=\"entry-header\">\n\t\t\t<h2 class=\"entry-title\"><a href=\"https:\/\/www.lewens.de\/pl\/oferty-pracy\/ausbildung-zur-fachkraft-fuer-lagerlogistik\/\" rel=\"bookmark\">Aus&shy;bil&shy;dung zur Fach&shy;kraft f\u00fcr La&shy;ger&shy;lo&shy;gis&shy;tik (m\/w\/d)<\/a><\/h2>\n\t\t\t        <\/header><!-- .entry-header -->\n\t\n            <div class=\"entry-meta\">\n                            <div class=\"job-department-list\">\n\t\t            Lager                <\/div>\n                            <div class=\"job-location-list\">\n\t\t            Ludwigslust                <\/div>\n                    <\/div>\n    \n    <div class=\"entry-content\">\n\t\t<a href=\"https:\/\/www.lewens.de\/pl\/oferty-pracy\/ausbildung-zur-fachkraft-fuer-lagerlogistik\/\"><i class=\"icon icont-arrow-right-small-thin\"><\/i><\/a>    <\/div><!-- .entry-content -->\n<\/article><!-- #post-11442 -->\n\n<article id=\"post-11438\" class=\"post-11438 job type-job status-publish hentry job_department-produktion job_department-produktion-bereich-beschichtung job_location-ludwigslust pl-PL teaser-view\">\n\t        <header class=\"entry-header\">\n\t\t\t<h2 class=\"entry-title\"><a href=\"https:\/\/www.lewens.de\/pl\/oferty-pracy\/ausbildung-zum-verfahrensmechaniker-fur-beschichtungstechnik-m-w-d\/\" rel=\"bookmark\">Aus&shy;bil&shy;dung zum Ver&shy;fah&shy;rens&shy;me&shy;cha&shy;ni&shy;ker f\u00fcr Be&shy;schich&shy;tungs&shy;tech&shy;nik (m\/w\/d)<\/a><\/h2>\n\t\t\t        <\/header><!-- .entry-header -->\n\t\n            <div class=\"entry-meta\">\n                            <div class=\"job-department-list\">\n\t\t            Produktion, Produktion - Bereich Beschichtung                <\/div>\n                            <div class=\"job-location-list\">\n\t\t            Ludwigslust                <\/div>\n                    <\/div>\n    \n    <div class=\"entry-content\">\n\t\t<a href=\"https:\/\/www.lewens.de\/pl\/oferty-pracy\/ausbildung-zum-verfahrensmechaniker-fur-beschichtungstechnik-m-w-d\/\"><i class=\"icon icont-arrow-right-small-thin\"><\/i><\/a>    <\/div><!-- .entry-content -->\n<\/article><!-- #post-11438 -->\n\n<article id=\"post-11434\" class=\"post-11434 job type-job status-publish hentry job_department-produktion job_location-ludwigslust pl-PL teaser-view\">\n\t        <header class=\"entry-header\">\n\t\t\t<h2 class=\"entry-title\"><a href=\"https:\/\/www.lewens.de\/pl\/oferty-pracy\/ausbildung-zum-mechatroniker\/\" rel=\"bookmark\">Aus&shy;bil&shy;dung zum Me&shy;cha&shy;tro&shy;ni&shy;ker (m\/w\/d)<\/a><\/h2>\n\t\t\t        <\/header><!-- .entry-header -->\n\t\n            <div class=\"entry-meta\">\n                            <div class=\"job-department-list\">\n\t\t            Produktion                <\/div>\n                            <div class=\"job-location-list\">\n\t\t            Ludwigslust                <\/div>\n                    <\/div>\n    \n    <div class=\"entry-content\">\n\t\t<a href=\"https:\/\/www.lewens.de\/pl\/oferty-pracy\/ausbildung-zum-mechatroniker\/\"><i class=\"icon icont-arrow-right-small-thin\"><\/i><\/a>    <\/div><!-- .entry-content -->\n<\/article><!-- #post-11434 -->\n\n<article id=\"post-11430\" class=\"post-11430 job type-job status-publish hentry job_department-produktion job_location-ludwigslust pl-PL teaser-view\">\n\t        <header class=\"entry-header\">\n\t\t\t<h2 class=\"entry-title\"><a href=\"https:\/\/www.lewens.de\/pl\/oferty-pracy\/ausbildung-zum-industriemechaniker\/\" rel=\"bookmark\">Aus&shy;bil&shy;dung zum In&shy;dus&shy;trie&shy;me&shy;cha&shy;ni&shy;ker (m\/w\/d)<\/a><\/h2>\n\t\t\t        <\/header><!-- .entry-header -->\n\t\n            <div class=\"entry-meta\">\n                            <div class=\"job-department-list\">\n\t\t            Produktion                <\/div>\n                            <div class=\"job-location-list\">\n\t\t            Ludwigslust                <\/div>\n                    <\/div>\n    \n    <div class=\"entry-content\">\n\t\t<a href=\"https:\/\/www.lewens.de\/pl\/oferty-pracy\/ausbildung-zum-industriemechaniker\/\"><i class=\"icon icont-arrow-right-small-thin\"><\/i><\/a>    <\/div><!-- .entry-content -->\n<\/article><!-- #post-11430 -->\n\n<article id=\"post-11426\" class=\"post-11426 job type-job status-publish hentry job_department-verwaltung job_location-ludwigslust pl-PL teaser-view\">\n\t        <header class=\"entry-header\">\n\t\t\t<h2 class=\"entry-title\"><a href=\"https:\/\/www.lewens.de\/pl\/oferty-pracy\/ausbildung-zum-industriekauffrau-mann\/\" rel=\"bookmark\">Aus&shy;bil&shy;dung zum In&shy;dus&shy;trie&shy;kauf&shy;frau\/-mann (m\/w\/d)<\/a><\/h2>\n\t\t\t        <\/header><!-- .entry-header -->\n\t\n            <div class=\"entry-meta\">\n                            <div class=\"job-department-list\">\n\t\t            Verwaltung                <\/div>\n                            <div class=\"job-location-list\">\n\t\t            Ludwigslust                <\/div>\n                    <\/div>\n    \n    <div class=\"entry-content\">\n\t\t<a href=\"https:\/\/www.lewens.de\/pl\/oferty-pracy\/ausbildung-zum-industriekauffrau-mann\/\"><i class=\"icon icont-arrow-right-small-thin\"><\/i><\/a>    <\/div><!-- .entry-content -->\n<\/article><!-- #post-11426 -->\n\n<article id=\"post-10479\" class=\"post-10479 job type-job status-publish hentry job_department-produktion job_location-ludwigslust pl-PL teaser-view\">\n\t        <header class=\"entry-header\">\n\t\t\t<h2 class=\"entry-title\"><a href=\"https:\/\/www.lewens.de\/pl\/oferty-pracy\/elektroniker-industriemechaniker-mechatroniker\/\" rel=\"bookmark\">E&shy;lek&shy;tro&shy;ni&shy;ker, In&shy;dus&shy;trie&shy;me&shy;cha&shy;ni&shy;ker, Me&shy;cha&shy;tro&shy;ni&shy;ker (m\/w\/d)<\/a><\/h2>\n\t\t\t        <\/header><!-- .entry-header -->\n\t\n            <div class=\"entry-meta\">\n                            <div class=\"job-department-list\">\n\t\t            Produktion                <\/div>\n                            <div class=\"job-location-list\">\n\t\t            Ludwigslust                <\/div>\n                    <\/div>\n    \n    <div class=\"entry-content\">\n\t\t<a href=\"https:\/\/www.lewens.de\/pl\/oferty-pracy\/elektroniker-industriemechaniker-mechatroniker\/\"><i class=\"icon icont-arrow-right-small-thin\"><\/i><\/a>    <\/div><!-- .entry-content -->\n<\/article><!-- #post-10479 -->\n<\/div>\n\n\n\n<div class=\"wp-block-group is-layout-constrained wp-block-group-is-layout-constrained\">\n<div class=\"wp-block-cover hide-mobile\"><img loading=\"lazy\" decoding=\"async\" width=\"1137\" height=\"442\" class=\"wp-block-cover__image-background wp-image-664\" alt=\"\" src=\"https:\/\/www.lewens.de\/wp-content\/uploads\/2025\/02\/Rectangle-44.png\" style=\"object-position:65% 50%\" data-object-fit=\"cover\" data-object-position=\"65% 50%\"\/><span aria-hidden=\"true\" class=\"wp-block-cover__background has-background-dim-60 has-background-dim wp-block-cover__gradient-background has-background-gradient\" style=\"background:linear-gradient(90deg,rgb(0,0,0) 39%,rgba(255,255,255,0) 100%)\"><\/span><div class=\"wp-block-cover__inner-container is-layout-constrained wp-block-cover-is-layout-constrained\">\n<div class=\"wp-block-columns is-layout-flex wp-container-core-columns-is-layout-9d6595d7 wp-block-columns-is-layout-flex\">\n<div class=\"wp-block-column is-layout-flow wp-block-column-is-layout-flow\" style=\"flex-basis:40%\">\n<h2 class=\"wp-block-heading has-white-color has-text-color has-link-color wp-elements-68a1fa324e91d15709d56845bc7e40c5\"><strong>Nie mo\u017cesz znale\u017a\u0107 odpowiedniego stanowiska?<\/strong><\/h2>\n\n\n\n<p class=\"has-white-color has-text-color has-link-color has-medium-font-size wp-elements-375ab6220cfca817adf5ec3bb34092e5\">Czekamy na Twoje spontaniczne zg\u0142oszenie na adres karriere@lewens.com<\/p>\n<\/div>\n\n\n\n<div class=\"wp-block-column is-layout-flow wp-block-column-is-layout-flow\"><\/div>\n<\/div>\n<\/div><\/div>\n\n\n\n<div class=\"wp-block-cover is-light hide-tablet hide-desktop\" style=\"min-height:550px;aspect-ratio:unset;\"><img loading=\"lazy\" decoding=\"async\" width=\"345\" height=\"542\" class=\"wp-block-cover__image-background wp-image-2557\" alt=\"\" src=\"https:\/\/www.lewens.de\/wp-content\/uploads\/2025\/03\/Rectangle-580.jpg\" style=\"object-position:50% 0%\" data-object-fit=\"cover\" data-object-position=\"50% 0%\"\/><span aria-hidden=\"true\" class=\"wp-block-cover__background has-background-dim-0 has-background-dim has-background-gradient\" style=\"background:linear-gradient(90deg,rgb(0,0,0) 39%,rgba(255,255,255,0) 100%)\"><\/span><div class=\"wp-block-cover__inner-container is-layout-constrained wp-block-cover-is-layout-constrained\">\n<div class=\"wp-block-columns is-layout-flex wp-container-core-columns-is-layout-9d6595d7 wp-block-columns-is-layout-flex\">\n<div class=\"wp-block-column is-vertically-aligned-top is-layout-flow wp-block-column-is-layout-flow\"><\/div>\n\n\n\n<div class=\"wp-block-column is-vertically-aligned-top is-layout-flow wp-block-column-is-layout-flow\"><\/div>\n\n\n\n<div class=\"wp-block-column is-vertically-aligned-top is-layout-flow wp-block-column-is-layout-flow\" style=\"flex-basis:40%\">\n<h2 class=\"wp-block-heading has-white-color has-text-color has-link-color wp-elements-68a1fa324e91d15709d56845bc7e40c5\"><strong>Nie mo\u017cesz znale\u017a\u0107 odpowiedniego stanowiska?<\/strong><\/h2>\n\n\n\n<p class=\"has-white-color has-text-color has-link-color has-medium-font-size wp-elements-3a0a84f8b057451aedfe786e2cc5dbd2\"><a href=\"mailto:bewerbung@lewens.de\">Czekamy na Twoje spontaniczne zg\u0142oszenie na adres karriere@lewens.com<\/a><\/p>\n<\/div>\n<\/div>\n<\/div><\/div>\n<\/div>\n","protected":false},"excerpt":{"rendered":"<p>Wzmacniamy nasz zesp\u00f3\u0142 W Lewens mo\u017cesz pom\u00f3c kszta\u0142towa\u0107 przysz\u0142o\u015b\u0107 w zakresie ochrony przeciws\u0142onecznej. Jako firma rodzinna z prawie 25-letni\u0105 tradycj\u0105 oferujemy ponad 200 pracownikom nowoczesne \u015brodowisko pracy z elastycznymi godzinami pracy i atrakcyjnymi \u015bwiadczeniami. Rozwijaj si\u0119 razem z nami \u2013 w bran\u017cy o \u015bwietlanej przysz\u0142o\u015bci.<\/p>\n","protected":false},"author":3,"featured_media":0,"parent":12164,"menu_order":0,"comment_status":"closed","ping_status":"closed","template":"","meta":{"_locale":"pl_PL","_original_post":"https:\/\/www.lewens.de\/?page_id=663","_thumbnails":[],"footnotes":"","_hide_thumbnail":false},"class_list":["post-12172","page","type-page","status-publish","hentry","pl-PL","teaser-view"],"aioseo_notices":[],"_links":{"self":[{"href":"https:\/\/www.lewens.de\/wp-json\/wp\/v2\/pages\/12172","targetHints":{"allow":["GET"]}}],"collection":[{"href":"https:\/\/www.lewens.de\/wp-json\/wp\/v2\/pages"}],"about":[{"href":"https:\/\/www.lewens.de\/wp-json\/wp\/v2\/types\/page"}],"author":[{"embeddable":true,"href":"https:\/\/www.lewens.de\/wp-json\/wp\/v2\/users\/3"}],"replies":[{"embeddable":true,"href":"https:\/\/www.lewens.de\/wp-json\/wp\/v2\/comments?post=12172"}],"version-history":[{"count":1,"href":"https:\/\/www.lewens.de\/wp-json\/wp\/v2\/pages\/12172\/revisions"}],"predecessor-version":[{"id":12173,"href":"https:\/\/www.lewens.de\/wp-json\/wp\/v2\/pages\/12172\/revisions\/12173"}],"up":[{"embeddable":true,"href":"https:\/\/www.lewens.de\/wp-json\/wp\/v2\/pages\/12164"}],"wp:attachment":[{"href":"https:\/\/www.lewens.de\/wp-json\/wp\/v2\/media?parent=12172"}],"curies":[{"name":"wp","href":"https:\/\/api.w.org\/{rel}","templated":true}]}}