{"id":12179,"date":"2026-01-06T13:25:02","date_gmt":"2026-01-06T13:25:02","guid":{"rendered":"https:\/\/www.lewens.de\/?page_id=12179"},"modified":"2026-02-19T14:24:33","modified_gmt":"2026-02-19T14:24:33","slug":"falbany-i-tasmy-brzegowe","status":"publish","type":"page","link":"https:\/\/www.lewens.de\/pl\/falbany-i-tasmy-brzegowe\/","title":{"rendered":"Falbany i ta\u015bmy brzegowe"},"content":{"rendered":"\n<div class=\"wp-block-group volants is-layout-constrained wp-block-group-is-layout-constrained\">\n<div class=\"wp-block-media-text is-stacked-on-mobile is-vertically-aligned-center is-image-fill-element has-white-background-color has-background\"><figure class=\"wp-block-media-text__media\"><img loading=\"lazy\" decoding=\"async\" width=\"1122\" height=\"898\" src=\"https:\/\/www.lewens.de\/wp-content\/uploads\/2025\/08\/Lewens_Volants.webp\" alt=\"\" class=\"wp-image-5342 size-full\" style=\"object-position:50% 50%\"\/><\/figure><div class=\"wp-block-media-text__content\">\n<h2 class=\"wp-block-heading\"><strong>Falbany<\/strong><\/h2>\n\n\n\n<p class=\"has-black-color has-text-color has-link-color wp-elements-7ce2cf88a70ba218fab478dcfdc2dff7\">Harmonia w najdrobniejszych szczeg\u00f3\u0142ach: u nas tkanina i falbana tworz\u0105 idealn\u0105 wizualn\u0105 ca\u0142o\u015b\u0107. Wykonane z jednego kawa\u0142ka, precyzyjnie dopasowane \u2013 a\u017c po kszta\u0142t falbany.<\/p>\n<\/div><\/div>\n<\/div>\n\n\n\n<div class=\"wp-block-group volant-edge is-layout-constrained wp-block-group-is-layout-constrained\">\n<div class=\"wp-block-columns has-error-color has-text-color has-link-color wp-elements-a184456524cec5d84139def62f90f044 is-layout-flex wp-container-core-columns-is-layout-9d6595d7 wp-block-columns-is-layout-flex\">\n<div class=\"wp-block-column is-vertically-aligned-center is-layout-flow wp-block-column-is-layout-flow\" style=\"flex-basis:50%\">\n<p class=\"has-black-color has-text-color has-link-color has-tiny-font-size wp-elements-1b0e38bd9b9677c13da571bda27be6f9\" style=\"text-transform:uppercase\">FORMA FALBANY 1<\/p>\n<\/div>\n\n\n\n<div class=\"wp-block-column is-layout-flow wp-block-column-is-layout-flow\" style=\"flex-basis:50%\">\n<figure class=\"wp-block-image size-full\"><img decoding=\"async\" src=\"https:\/\/www.lewens.de\/wp-content\/uploads\/2024\/12\/Vector-4.svg\" alt=\"\" class=\"wp-image-542\"\/><\/figure>\n<\/div>\n<\/div>\n\n\n\n<div class=\"wp-block-columns has-error-color has-text-color has-link-color wp-elements-fd9f4b2657bd5f553c2f58c00e444092 is-layout-flex wp-container-core-columns-is-layout-9d6595d7 wp-block-columns-is-layout-flex\">\n<div class=\"wp-block-column is-vertically-aligned-center is-layout-flow wp-block-column-is-layout-flow\" style=\"flex-basis:50%\">\n<p class=\"has-black-color has-text-color has-link-color has-tiny-font-size wp-elements-8ca2113ed5be1beddc68bed94399dd1f\" style=\"text-transform:uppercase\">FORMA FALBANY 2<\/p>\n<\/div>\n\n\n\n<div class=\"wp-block-column is-layout-flow wp-block-column-is-layout-flow\" style=\"flex-basis:50%\">\n<figure class=\"wp-block-image size-full\"><img decoding=\"async\" src=\"https:\/\/www.lewens.de\/wp-content\/uploads\/2024\/12\/Vector-5.svg\" alt=\"\" class=\"wp-image-543\"\/><\/figure>\n<\/div>\n<\/div>\n\n\n\n<div class=\"wp-block-columns has-error-color has-text-color has-link-color wp-elements-a00435c0da4d94a7ced236c5cfaa6435 is-layout-flex wp-container-core-columns-is-layout-9d6595d7 wp-block-columns-is-layout-flex\">\n<div class=\"wp-block-column is-vertically-aligned-center is-layout-flow wp-block-column-is-layout-flow\" style=\"flex-basis:50%\">\n<p class=\"has-black-color has-text-color has-link-color has-tiny-font-size wp-elements-8778adcf423fd94e5ae464ed8ba300a7\" style=\"text-transform:uppercase\">FORMA FALBANY 3<\/p>\n<\/div>\n\n\n\n<div class=\"wp-block-column is-layout-flow wp-block-column-is-layout-flow\" style=\"flex-basis:50%\">\n<figure class=\"wp-block-image size-full\"><img decoding=\"async\" src=\"https:\/\/www.lewens.de\/wp-content\/uploads\/2024\/12\/Vector-6.svg\" alt=\"\" class=\"wp-image-544\"\/><\/figure>\n<\/div>\n<\/div>\n\n\n\n<div class=\"wp-block-columns has-error-color has-text-color has-link-color wp-elements-8d7052e760c8921a86f4594ab001cef0 is-layout-flex wp-container-core-columns-is-layout-9d6595d7 wp-block-columns-is-layout-flex\">\n<div class=\"wp-block-column is-vertically-aligned-center is-layout-flow wp-block-column-is-layout-flow\" style=\"flex-basis:50%\">\n<p class=\"has-black-color has-text-color has-link-color has-tiny-font-size wp-elements-a176dabf60d457e4e5f48546be707ff1\" style=\"text-transform:uppercase\">FORMA FALBANY 4<\/p>\n<\/div>\n\n\n\n<div class=\"wp-block-column is-layout-flow wp-block-column-is-layout-flow\" style=\"flex-basis:50%\">\n<figure class=\"wp-block-image size-full\"><img decoding=\"async\" src=\"https:\/\/www.lewens.de\/wp-content\/uploads\/2024\/12\/Vector-7.svg\" alt=\"\" class=\"wp-image-545\"\/><\/figure>\n<\/div>\n<\/div>\n<\/div>\n\n\n\n<div class=\"wp-block-group width-976 is-layout-constrained wp-block-group-is-layout-constrained\" style=\"margin-top:var(--wp--preset--spacing--xl);margin-bottom:var(--wp--preset--spacing--xl)\">\n<div class=\"wp-block-group width-408 is-layout-constrained wp-block-group-is-layout-constrained\">\n<h2 class=\"wp-block-heading\"><strong>Lam\u00f3wki<\/strong><\/h2>\n\n\n\n<p class=\"has-black-color has-text-color has-link-color wp-elements-f70dc9b8456d31ac2da92f7c94c602d1\">Delikatne linie, silny efekt. Pasuj\u0105ce wzorem Falbany i dopasowane kolorystycznie lam\u00f3wki dodaj\u0105 celowych akcent\u00f3w \u2013 dopasowanych do stylu Twojego domu, balkonu lub tarasu.<\/p>\n<\/div>\n<\/div>\n\n\n\n<div data-uuid=\"801ffae5-d439-e005-726b-2564fa88cf82\" data-grid=\"4\" class=\"wp-block-group is-layout-grid wp-block-group-is-layout-grid container-content\">\n\t\n    \n<figure class=\"term-item taxonomy-fabric_binding\"\n\t>\n\t<span class=\"term--image\"><img loading=\"lazy\" decoding=\"async\" width=\"500\" height=\"164\" src=\"https:\/\/www.lewens.de\/wp-content\/uploads\/2025\/02\/015_500x500.webp\" class=\"attachment-full size-full ratio-landscape\" alt=\"015_500x500\" \/><img loading=\"lazy\" decoding=\"async\" width=\"500\" height=\"164\" src=\"https:\/\/www.lewens.de\/wp-content\/uploads\/2025\/02\/015_500x500.webp\" class=\"attachment-full size-full ratio-landscape\" alt=\"015_500x500\" \/><\/span>\n\n\t<figcaption>\n        \n\t\t<span class=\"term--title\">\n\t\t\tta\u015bma brzegowa 15\t\t<\/span>\n\n        <span class=\"term--description\"><p>Szukaj...<br \/>Kawa - Br\u0105zowy<\/p>\n<\/span>\n\n        \t<\/figcaption>\n<\/figure>\t\n<figure class=\"term-item taxonomy-fabric_binding\"\n\t>\n\t<span class=\"term--image\"><img loading=\"lazy\" decoding=\"async\" width=\"1000\" height=\"328\" src=\"https:\/\/www.lewens.de\/wp-content\/uploads\/2025\/02\/Lewens_Einfassband_73.webp\" class=\"attachment-full size-full ratio-landscape\" alt=\"Lewens_Einfassband_73\" \/><img loading=\"lazy\" decoding=\"async\" width=\"1000\" height=\"328\" src=\"https:\/\/www.lewens.de\/wp-content\/uploads\/2025\/02\/Lewens_Einfassband_73.webp\" class=\"attachment-full size-full ratio-landscape\" alt=\"Lewens_Einfassband_73\" \/><\/span>\n\n\t<figcaption>\n        \n\t\t<span class=\"term--title\">\n\t\t\tta\u015bma brzegowa 73\t\t<\/span>\n\n        <span class=\"term--description\"><p>Szukaj...<br \/>Terra - Czerwony<\/p>\n<\/span>\n\n        \t<\/figcaption>\n<\/figure>\t\n<figure class=\"term-item taxonomy-fabric_binding\"\n\t>\n\t<span class=\"term--image\"><img loading=\"lazy\" decoding=\"async\" width=\"500\" height=\"164\" src=\"https:\/\/www.lewens.de\/wp-content\/uploads\/2025\/02\/012_500x500.webp\" class=\"attachment-full size-full ratio-landscape\" alt=\"012_500x500\" \/><img loading=\"lazy\" decoding=\"async\" width=\"500\" height=\"164\" src=\"https:\/\/www.lewens.de\/wp-content\/uploads\/2025\/02\/012_500x500.webp\" class=\"attachment-full size-full ratio-landscape\" alt=\"012_500x500\" \/><\/span>\n\n\t<figcaption>\n        \n\t\t<span class=\"term--title\">\n\t\t\tta\u015bma brzegowa 12\t\t<\/span>\n\n        <span class=\"term--description\"><p>Szukaj...<br \/>Sole \u2013 \u017c\u00f3\u0142ty \/ Pomara\u0144&shy;czowy<\/p>\n<\/span>\n\n        \t<\/figcaption>\n<\/figure>\t\n<figure class=\"term-item taxonomy-fabric_binding\"\n\t>\n\t<span class=\"term--image\"><img loading=\"lazy\" decoding=\"async\" width=\"500\" height=\"165\" src=\"https:\/\/www.lewens.de\/wp-content\/uploads\/2025\/02\/010_500x500.webp\" class=\"attachment-full size-full ratio-landscape\" alt=\"010_500x500\" \/><img loading=\"lazy\" decoding=\"async\" width=\"500\" height=\"165\" src=\"https:\/\/www.lewens.de\/wp-content\/uploads\/2025\/02\/010_500x500.webp\" class=\"attachment-full size-full ratio-landscape\" alt=\"010_500x500\" \/><\/span>\n\n\t<figcaption>\n        \n\t\t<span class=\"term--title\">\n\t\t\tta\u015bma brzegowa 10\t\t<\/span>\n\n        <span class=\"term--description\"><p>Szukaj...<br \/>Aqua - niebieski<\/p>\n<\/span>\n\n        \t<\/figcaption>\n<\/figure>\t\n<figure class=\"term-item taxonomy-fabric_binding\"\n\t>\n\t<span class=\"term--image\"><img loading=\"lazy\" decoding=\"async\" width=\"500\" height=\"164\" src=\"https:\/\/www.lewens.de\/wp-content\/uploads\/2025\/02\/015-1_500x500.webp\" class=\"attachment-full size-full ratio-landscape\" alt=\"015-1_500x500\" \/><img loading=\"lazy\" decoding=\"async\" width=\"500\" height=\"164\" src=\"https:\/\/www.lewens.de\/wp-content\/uploads\/2025\/02\/015-1_500x500.webp\" class=\"attachment-full size-full ratio-landscape\" alt=\"015-1_500x500\" \/><\/span>\n\n\t<figcaption>\n        \n\t\t<span class=\"term--title\">\n\t\t\tta\u015bma brzegowa 15-1\t\t<\/span>\n\n        <span class=\"term--description\"><p>Szukaj...<br \/>Kawa - Br\u0105zowy<\/p>\n<\/span>\n\n        \t<\/figcaption>\n<\/figure>\t\n<figure class=\"term-item taxonomy-fabric_binding\"\n\t>\n\t<span class=\"term--image\"><img loading=\"lazy\" decoding=\"async\" width=\"1000\" height=\"328\" src=\"https:\/\/www.lewens.de\/wp-content\/uploads\/2025\/02\/Lewens_Einfassband_84.webp\" class=\"attachment-full size-full ratio-landscape\" alt=\"Lewens_Einfassband_84\" \/><img loading=\"lazy\" decoding=\"async\" width=\"1000\" height=\"328\" src=\"https:\/\/www.lewens.de\/wp-content\/uploads\/2025\/02\/Lewens_Einfassband_84.webp\" class=\"attachment-full size-full ratio-landscape\" alt=\"Lewens_Einfassband_84\" \/><\/span>\n\n\t<figcaption>\n        \n\t\t<span class=\"term--title\">\n\t\t\tta\u015bma brzegowa 84\t\t<\/span>\n\n        <span class=\"term--description\"><p>Szukaj...<br \/>Terra - Czerwony<\/p>\n<\/span>\n\n        \t<\/figcaption>\n<\/figure>\t\n<figure class=\"term-item taxonomy-fabric_binding\"\n\t>\n\t<span class=\"term--image\"><img loading=\"lazy\" decoding=\"async\" width=\"1000\" height=\"328\" src=\"https:\/\/www.lewens.de\/wp-content\/uploads\/2025\/02\/Lewens_Einfassband_16.webp\" class=\"attachment-full size-full ratio-landscape\" alt=\"Lewens_Einfassband_16\" \/><img loading=\"lazy\" decoding=\"async\" width=\"1000\" height=\"328\" src=\"https:\/\/www.lewens.de\/wp-content\/uploads\/2025\/02\/Lewens_Einfassband_16.webp\" class=\"attachment-full size-full ratio-landscape\" alt=\"Lewens_Einfassband_16\" \/><\/span>\n\n\t<figcaption>\n        \n\t\t<span class=\"term--title\">\n\t\t\tta\u015bma brzegowa 16\t\t<\/span>\n\n        <span class=\"term--description\"><p>Szukaj...<br \/>Flora - Zielony<\/p>\n<\/span>\n\n        \t<\/figcaption>\n<\/figure>\t\n<figure class=\"term-item taxonomy-fabric_binding\"\n\t>\n\t<span class=\"term--image\"><img loading=\"lazy\" decoding=\"async\" width=\"1000\" height=\"328\" src=\"https:\/\/www.lewens.de\/wp-content\/uploads\/2025\/02\/Lewens_Einfassband_87.webp\" class=\"attachment-full size-full ratio-landscape\" alt=\"Lewens_Einfassband_87\" \/><img loading=\"lazy\" decoding=\"async\" width=\"1000\" height=\"328\" src=\"https:\/\/www.lewens.de\/wp-content\/uploads\/2025\/02\/Lewens_Einfassband_87.webp\" class=\"attachment-full size-full ratio-landscape\" alt=\"Lewens_Einfassband_87\" \/><\/span>\n\n\t<figcaption>\n        \n\t\t<span class=\"term--title\">\n\t\t\tta\u015bma brzegowa 87\t\t<\/span>\n\n        <span class=\"term--description\"><p>Szukaj...<br \/>Aqua - niebieski<\/p>\n<\/span>\n\n        \t<\/figcaption>\n<\/figure>\t\n<figure class=\"term-item taxonomy-fabric_binding\"\n\t>\n\t<span class=\"term--image\"><img loading=\"lazy\" decoding=\"async\" width=\"1000\" height=\"328\" src=\"https:\/\/www.lewens.de\/wp-content\/uploads\/2025\/02\/Lewens_Einfassband_52.webp\" class=\"attachment-full size-full ratio-landscape\" alt=\"Lewens_Einfassband_52\" \/><img loading=\"lazy\" decoding=\"async\" width=\"1000\" height=\"328\" src=\"https:\/\/www.lewens.de\/wp-content\/uploads\/2025\/02\/Lewens_Einfassband_52.webp\" class=\"attachment-full size-full ratio-landscape\" alt=\"Lewens_Einfassband_52\" \/><\/span>\n\n\t<figcaption>\n        \n\t\t<span class=\"term--title\">\n\t\t\tta\u015bma brzegowa 52\t\t<\/span>\n\n        <span class=\"term--description\"><p>Szukaj...<br \/>Kawa - Br\u0105zowy<\/p>\n<\/span>\n\n        \t<\/figcaption>\n<\/figure>\t\n<figure class=\"term-item taxonomy-fabric_binding\"\n\t>\n\t<span class=\"term--image\"><img loading=\"lazy\" decoding=\"async\" width=\"500\" height=\"164\" src=\"https:\/\/www.lewens.de\/wp-content\/uploads\/2025\/02\/011_500x500.webp\" class=\"attachment-full size-full ratio-landscape\" alt=\"011_500x500\" \/><img loading=\"lazy\" decoding=\"async\" width=\"500\" height=\"164\" src=\"https:\/\/www.lewens.de\/wp-content\/uploads\/2025\/02\/011_500x500.webp\" class=\"attachment-full size-full ratio-landscape\" alt=\"011_500x500\" \/><\/span>\n\n\t<figcaption>\n        \n\t\t<span class=\"term--title\">\n\t\t\tta\u015bma brzegowa 11\t\t<\/span>\n\n        <span class=\"term--description\"><p>Szukaj...<br \/>Terra - Czerwony<\/p>\n<\/span>\n\n        \t<\/figcaption>\n<\/figure>\t\n<figure class=\"term-item taxonomy-fabric_binding\"\n\t>\n\t<span class=\"term--image\"><img loading=\"lazy\" decoding=\"async\" width=\"1000\" height=\"328\" src=\"https:\/\/www.lewens.de\/wp-content\/uploads\/2025\/02\/Lewens_Einfassband_6.webp\" class=\"attachment-full size-full ratio-landscape\" alt=\"Lewens_Einfassband_6\" \/><img loading=\"lazy\" decoding=\"async\" width=\"1000\" height=\"328\" src=\"https:\/\/www.lewens.de\/wp-content\/uploads\/2025\/02\/Lewens_Einfassband_6.webp\" class=\"attachment-full size-full ratio-landscape\" alt=\"Lewens_Einfassband_6\" \/><\/span>\n\n\t<figcaption>\n        \n\t\t<span class=\"term--title\">\n\t\t\tta\u015bma brzegowa 6\t\t<\/span>\n\n        <span class=\"term--description\"><p>Szukaj...<br \/>Flora - Zielony<\/p>\n<\/span>\n\n        \t<\/figcaption>\n<\/figure>\t\n<figure class=\"term-item taxonomy-fabric_binding\"\n\t>\n\t<span class=\"term--image\"><img loading=\"lazy\" decoding=\"async\" width=\"1000\" height=\"330\" src=\"https:\/\/www.lewens.de\/wp-content\/uploads\/2025\/02\/Lewens_Einfassband_75.webp\" class=\"attachment-full size-full ratio-landscape\" alt=\"Lewens_Einfassband_75\" \/><img loading=\"lazy\" decoding=\"async\" width=\"1000\" height=\"330\" src=\"https:\/\/www.lewens.de\/wp-content\/uploads\/2025\/02\/Lewens_Einfassband_75.webp\" class=\"attachment-full size-full ratio-landscape\" alt=\"Lewens_Einfassband_75\" \/><\/span>\n\n\t<figcaption>\n        \n\t\t<span class=\"term--title\">\n\t\t\tta\u015bma brzegowa 75\t\t<\/span>\n\n        <span class=\"term--description\"><p>Szukaj...<br \/>Aqua - niebieski<\/p>\n<\/span>\n\n        \t<\/figcaption>\n<\/figure>\t\n<figure class=\"term-item taxonomy-fabric_binding\"\n\t>\n\t<span class=\"term--image\"><img loading=\"lazy\" decoding=\"async\" width=\"500\" height=\"164\" src=\"https:\/\/www.lewens.de\/wp-content\/uploads\/2025\/02\/014_500x500.webp\" class=\"attachment-full size-full ratio-landscape\" alt=\"014_500x500\" \/><img loading=\"lazy\" decoding=\"async\" width=\"500\" height=\"164\" src=\"https:\/\/www.lewens.de\/wp-content\/uploads\/2025\/02\/014_500x500.webp\" class=\"attachment-full size-full ratio-landscape\" alt=\"014_500x500\" \/><\/span>\n\n\t<figcaption>\n        \n\t\t<span class=\"term--title\">\n\t\t\tta\u015bma brzegowa 14\t\t<\/span>\n\n        <span class=\"term--description\"><p>Szukaj...<br \/>Kawa - Br\u0105zowy<\/p>\n<\/span>\n\n        \t<\/figcaption>\n<\/figure>\t\n<figure class=\"term-item taxonomy-fabric_binding\"\n\t>\n\t<span class=\"term--image\"><img loading=\"lazy\" decoding=\"async\" width=\"1000\" height=\"328\" src=\"https:\/\/www.lewens.de\/wp-content\/uploads\/2025\/02\/Lewens_Einfassband_25.webp\" class=\"attachment-full size-full ratio-landscape\" alt=\"Lewens_Einfassband_25\" \/><img loading=\"lazy\" decoding=\"async\" width=\"1000\" height=\"328\" src=\"https:\/\/www.lewens.de\/wp-content\/uploads\/2025\/02\/Lewens_Einfassband_25.webp\" class=\"attachment-full size-full ratio-landscape\" alt=\"Lewens_Einfassband_25\" \/><\/span>\n\n\t<figcaption>\n        \n\t\t<span class=\"term--title\">\n\t\t\tta\u015bma brzegowa 25\t\t<\/span>\n\n        <span class=\"term--description\"><p>Szukaj...<br \/>Terra - Czerwony<\/p>\n<\/span>\n\n        \t<\/figcaption>\n<\/figure>\t\n<figure class=\"term-item taxonomy-fabric_binding\"\n\t>\n\t<span class=\"term--image\"><img loading=\"lazy\" decoding=\"async\" width=\"1000\" height=\"328\" src=\"https:\/\/www.lewens.de\/wp-content\/uploads\/2025\/02\/Lewens_Einfassband_62.webp\" class=\"attachment-full size-full ratio-landscape\" alt=\"Lewens_Einfassband_62\" \/><img loading=\"lazy\" decoding=\"async\" width=\"1000\" height=\"328\" src=\"https:\/\/www.lewens.de\/wp-content\/uploads\/2025\/02\/Lewens_Einfassband_62.webp\" class=\"attachment-full size-full ratio-landscape\" alt=\"Lewens_Einfassband_62\" \/><\/span>\n\n\t<figcaption>\n        \n\t\t<span class=\"term--title\">\n\t\t\tta\u015bma brzegowa 62\t\t<\/span>\n\n        <span class=\"term--description\"><p>Szukaj...<br \/>Flora - Zielony<\/p>\n<\/span>\n\n        \t<\/figcaption>\n<\/figure>\t\n<figure class=\"term-item taxonomy-fabric_binding\"\n\t>\n\t<span class=\"term--image\"><img loading=\"lazy\" decoding=\"async\" width=\"1000\" height=\"330\" src=\"https:\/\/www.lewens.de\/wp-content\/uploads\/2025\/02\/Lewens_Einfassband_79.webp\" class=\"attachment-full size-full ratio-landscape\" alt=\"Lewens_Einfassband_79\" \/><img loading=\"lazy\" decoding=\"async\" width=\"1000\" height=\"330\" src=\"https:\/\/www.lewens.de\/wp-content\/uploads\/2025\/02\/Lewens_Einfassband_79.webp\" class=\"attachment-full size-full ratio-landscape\" alt=\"Lewens_Einfassband_79\" \/><\/span>\n\n\t<figcaption>\n        \n\t\t<span class=\"term--title\">\n\t\t\tta\u015bma brzegowa 79\t\t<\/span>\n\n        <span class=\"term--description\"><p>Szukaj...<br \/>Aqua - niebieski<\/p>\n<\/span>\n\n        \t<\/figcaption>\n<\/figure>\t\n<figure class=\"term-item taxonomy-fabric_binding\"\n\t>\n\t<span class=\"term--image\"><img loading=\"lazy\" decoding=\"async\" width=\"1000\" height=\"328\" src=\"https:\/\/www.lewens.de\/wp-content\/uploads\/2025\/02\/Lewens_Einfassband_106.webp\" class=\"attachment-full size-full ratio-landscape\" alt=\"Lewens_Einfassband_106\" \/><img loading=\"lazy\" decoding=\"async\" width=\"1000\" height=\"328\" src=\"https:\/\/www.lewens.de\/wp-content\/uploads\/2025\/02\/Lewens_Einfassband_106.webp\" class=\"attachment-full size-full ratio-landscape\" alt=\"Lewens_Einfassband_106\" \/><\/span>\n\n\t<figcaption>\n        \n\t\t<span class=\"term--title\">\n\t\t\tta\u015bma brzegowa 106\t\t<\/span>\n\n        <span class=\"term--description\"><p>Szukaj...<br \/>Kawa - Br\u0105zowy<\/p>\n<\/span>\n\n        \t<\/figcaption>\n<\/figure>\t\n<figure class=\"term-item taxonomy-fabric_binding\"\n\t>\n\t<span class=\"term--image\"><img loading=\"lazy\" decoding=\"async\" width=\"1000\" height=\"328\" src=\"https:\/\/www.lewens.de\/wp-content\/uploads\/2025\/02\/Lewens_Einfassband_54.webp\" class=\"attachment-full size-full ratio-landscape\" alt=\"Lewens_Einfassband_54\" \/><img loading=\"lazy\" decoding=\"async\" width=\"1000\" height=\"328\" src=\"https:\/\/www.lewens.de\/wp-content\/uploads\/2025\/02\/Lewens_Einfassband_54.webp\" class=\"attachment-full size-full ratio-landscape\" alt=\"Lewens_Einfassband_54\" \/><\/span>\n\n\t<figcaption>\n        \n\t\t<span class=\"term--title\">\n\t\t\tta\u015bma brzegowa 54\t\t<\/span>\n\n        <span class=\"term--description\"><p>Szukaj...<br \/>Sole \u2013 \u017c\u00f3\u0142ty \/ Pomara\u0144&shy;czowy<\/p>\n<\/span>\n\n        \t<\/figcaption>\n<\/figure>\t\n<figure class=\"term-item taxonomy-fabric_binding\"\n\t>\n\t<span class=\"term--image\"><img loading=\"lazy\" decoding=\"async\" width=\"500\" height=\"164\" src=\"https:\/\/www.lewens.de\/wp-content\/uploads\/2025\/02\/005_500x500.webp\" class=\"attachment-full size-full ratio-landscape\" alt=\"005_500x500\" \/><img loading=\"lazy\" decoding=\"async\" width=\"500\" height=\"164\" src=\"https:\/\/www.lewens.de\/wp-content\/uploads\/2025\/02\/005_500x500.webp\" class=\"attachment-full size-full ratio-landscape\" alt=\"005_500x500\" \/><\/span>\n\n\t<figcaption>\n        \n\t\t<span class=\"term--title\">\n\t\t\tta\u015bma brzegowa 5\t\t<\/span>\n\n        <span class=\"term--description\"><p>Szukaj...<br \/>Flora - Zielony<\/p>\n<\/span>\n\n        \t<\/figcaption>\n<\/figure>\t\n<figure class=\"term-item taxonomy-fabric_binding\"\n\t>\n\t<span class=\"term--image\"><img loading=\"lazy\" decoding=\"async\" width=\"1000\" height=\"328\" src=\"https:\/\/www.lewens.de\/wp-content\/uploads\/2025\/02\/Lewens_Einfassband_94.webp\" class=\"attachment-full size-full ratio-landscape\" alt=\"Lewens_Einfassband_94\" \/><img loading=\"lazy\" decoding=\"async\" width=\"1000\" height=\"328\" src=\"https:\/\/www.lewens.de\/wp-content\/uploads\/2025\/02\/Lewens_Einfassband_94.webp\" class=\"attachment-full size-full ratio-landscape\" alt=\"Lewens_Einfassband_94\" \/><\/span>\n\n\t<figcaption>\n        \n\t\t<span class=\"term--title\">\n\t\t\tta\u015bma brzegowa 94\t\t<\/span>\n\n        <span class=\"term--description\"><p>Szukaj...<br \/>Granit \u2013 Szary<\/p>\n<\/span>\n\n        \t<\/figcaption>\n<\/figure>\t\n    \t\t<div class=\"pager\"><span aria-current=\"page\" class=\"page-numbers current\">1<\/span>\n<a class=\"page-numbers\" href=\"https:\/\/www.lewens.de\/pl\/wp-json\/wp\/v2\/pages\/12179\/page\/2\/\">2<\/a>\n<a class=\"next page-numbers\" href=\"https:\/\/www.lewens.de\/pl\/wp-json\/wp\/v2\/pages\/12179\/page\/2\/\"><i class=\"icon icont-arrow-right-small\"><\/i><\/a><\/div>\n    <\/div>\n\n\n\n<div class=\"wp-block-group alignfull footer-cta has-bronze-background-color has-background is-layout-constrained wp-block-group-is-layout-constrained\" style=\"background:linear-gradient(180deg,rgba(227,227,216,0) 68%,rgb(216,175,123) 68%)\">\n<div class=\"wp-block-columns is-layout-flex wp-container-core-columns-is-layout-9d6595d7 wp-block-columns-is-layout-flex\">\n<div class=\"wp-block-column is-layout-flow wp-block-column-is-layout-flow\">\n<div class=\"wp-block-group has-yellow-background-color has-background is-layout-constrained wp-block-group-is-layout-constrained\" style=\"background:linear-gradient(180deg,rgba(249,249,249,0) 31%,rgb(255,222,19) 31%)\">\n<figure class=\"wp-block-image size-full is-resized\"><img loading=\"lazy\" decoding=\"async\" width=\"1136\" height=\"910\" src=\"https:\/\/www.lewens.de\/wp-content\/uploads\/2025\/02\/Lewens_Fachhaendler-Beratung.webp\" alt=\"\" class=\"wp-image-1993\" style=\"object-fit:cover;width:359px;height:288px\"\/><\/figure>\n\n\n\n<h2 class=\"wp-block-heading\"><strong>Znajd\u017a specjalistycznego sprzedawc\u0119 w swojej okolicy.<\/strong><\/h2>\n\n\n\n<div class=\"wp-block-buttons has-yellow-background-color has-background is-content-justification-left is-layout-flex wp-container-core-buttons-is-layout-fdcfc74e wp-block-buttons-is-layout-flex\">\n<div class=\"wp-block-button is-style-outline is-style-outline--1\"><a class=\"wp-block-button__link wp-element-button\" href=\"https:\/\/www.lewens.de\/pl\/wyszukiwarka-autoryzowanych-dealerow\/\">Do wyszukiwarki specjalistycznych sprzedawc\u00f3w<\/a><\/div>\n<\/div>\n<\/div>\n<\/div>\n\n\n\n<div class=\"wp-block-column is-layout-flow wp-block-column-is-layout-flow\">\n<div class=\"wp-block-group has-dark-brown-background-color has-white-color has-text-color has-background has-link-color wp-elements-35d246302e658fb3c1b24527b0588f53 is-layout-constrained wp-block-group-is-layout-constrained\" style=\"background:linear-gradient(180deg,rgba(249,249,249,0) 31%,rgb(46,45,44) 31%)\">\n<figure class=\"wp-block-image size-full is-resized\"><img loading=\"lazy\" decoding=\"async\" width=\"601\" height=\"482\" src=\"https:\/\/www.lewens.de\/wp-content\/uploads\/2025\/03\/Lewens_Modul-Karriere.webp\" alt=\"\" class=\"wp-image-2593\" style=\"object-fit:cover;width:359px;height:288px\"\/><\/figure>\n\n\n\n<h2 class=\"wp-block-heading has-white-color has-text-color has-link-color wp-elements-0f53f488b023db3f1416e0da1290d425\"><strong>Kariera z perspektywami \u2013 Lewens jako pracodawca<\/strong><\/h2>\n\n\n\n<div class=\"wp-block-buttons is-layout-flex wp-block-buttons-is-layout-flex\">\n<div class=\"wp-block-button is-style-outline is-style-outline--2\"><a class=\"wp-block-button__link has-white-color has-text-color has-link-color wp-element-button\" href=\"https:\/\/www.lewens.de\/pl\/kariera\/oferty-pracy\/\">Oferty pracy w Lewens<\/a><\/div>\n<\/div>\n<\/div>\n<\/div>\n<\/div>\n<\/div>\n","protected":false},"excerpt":{"rendered":"<p>Falbany Harmonia w najdrobniejszych szczeg\u00f3\u0142ach: u nas tkanina i falbana tworz\u0105 idealn\u0105 wizualn\u0105 ca\u0142o\u015b\u0107. Wykonane z jednego kawa\u0142ka, precyzyjnie dopasowane \u2013 a\u017c po kszta\u0142t falbany. FORMA FALBANY 1 FORMA FALBANY 2 FORMA FALBANY 3 FORMA FALBANY 4 Lam\u00f3wki Delikatne linie, silny efekt. Pasuj\u0105ce wzorem Falbany i dopasowane kolorystycznie lam\u00f3wki dodaj\u0105 celowych akcent\u00f3w \u2013 dopasowanych do [&hellip;]<\/p>\n","protected":false},"author":3,"featured_media":0,"parent":0,"menu_order":0,"comment_status":"closed","ping_status":"closed","template":"","meta":{"_locale":"pl_PL","_original_post":"https:\/\/www.lewens.de\/?page_id=2481","_thumbnails":[],"footnotes":"","_hide_thumbnail":false},"class_list":["post-12179","page","type-page","status-publish","hentry","pl-PL","teaser-view"],"aioseo_notices":[],"_links":{"self":[{"href":"https:\/\/www.lewens.de\/wp-json\/wp\/v2\/pages\/12179","targetHints":{"allow":["GET"]}}],"collection":[{"href":"https:\/\/www.lewens.de\/wp-json\/wp\/v2\/pages"}],"about":[{"href":"https:\/\/www.lewens.de\/wp-json\/wp\/v2\/types\/page"}],"author":[{"embeddable":true,"href":"https:\/\/www.lewens.de\/wp-json\/wp\/v2\/users\/3"}],"replies":[{"embeddable":true,"href":"https:\/\/www.lewens.de\/wp-json\/wp\/v2\/comments?post=12179"}],"version-history":[{"count":5,"href":"https:\/\/www.lewens.de\/wp-json\/wp\/v2\/pages\/12179\/revisions"}],"predecessor-version":[{"id":12739,"href":"https:\/\/www.lewens.de\/wp-json\/wp\/v2\/pages\/12179\/revisions\/12739"}],"wp:attachment":[{"href":"https:\/\/www.lewens.de\/wp-json\/wp\/v2\/media?parent=12179"}],"curies":[{"name":"wp","href":"https:\/\/api.w.org\/{rel}","templated":true}]}}