{"id":12195,"date":"2026-01-06T13:26:02","date_gmt":"2026-01-06T13:26:02","guid":{"rendered":"https:\/\/www.lewens.de\/?page_id=12195"},"modified":"2026-01-10T13:24:51","modified_gmt":"2026-01-10T13:24:51","slug":"stopka-redakcyjna","status":"publish","type":"page","link":"https:\/\/www.lewens.de\/pl\/stopka-redakcyjna\/","title":{"rendered":"Stopka redakcyjna"},"content":{"rendered":"\n<div class=\"wp-block-group alignfull has-yellow-background-color has-background is-layout-constrained wp-block-group-is-layout-constrained\"><h1 class=\"has-text-align-center wp-block-post-title\">Stopka redakcyjna<\/h1>\n\n\n<figure class=\"wp-block-image aligncenter size-full hide-mobile\"><img decoding=\"async\" src=\"https:\/\/www.lewens.de\/wp-content\/uploads\/2024\/12\/Subtract.svg\" alt=\"\" class=\"wp-image-317\" style=\"object-fit:cover\"\/><\/figure>\n\n\n\n<figure class=\"wp-block-image aligncenter size-full hide-desktop hide-tablet\"><img decoding=\"async\" src=\"https:\/\/www.lewens.de\/wp-content\/uploads\/2025\/05\/Subtract.svg\" alt=\"\" class=\"wp-image-4970\"\/><\/figure>\n\n\n\n<div class=\"wp-block-group width-md is-layout-constrained wp-block-group-is-layout-constrained\">\n<div class=\"wp-block-group has-error-color has-text-color has-link-color wp-elements-a63acf4095ac4fa64ce58a6e17b8c3ef is-layout-constrained wp-block-group-is-layout-constrained\">\n<p class=\"h3 has-black-color has-text-color has-link-color wp-elements-0fbb30dad03db52cccd179e8419c14bf\">LSS Lewens Sonnenschutz-Systeme GmbH &amp; Co. KG<\/p>\n\n\n\n<p class=\"has-black-color has-text-color has-link-color wp-elements-fdb4ef5f5f0d99d8c922e6a051cdc41c\">Bauernallee 13<br>19288 Ludwigslust<\/p>\n\n\n\n<p class=\"has-black-color has-text-color has-link-color wp-elements-085dcf49490385ce4db238ff4f97932c\">Telefon: +49 3874 2502 0<br>Faks: +49 3874 2502 50<br>E-Mail: <a href=\"mailto:info@lewens.de\" title=\"\"><\/a><a href=\"mailto:info@lewens-markisen.de\" title=\"\">info@lewens.de<\/a><\/p>\n\n\n\n<p class=\"has-black-color has-text-color has-link-color wp-elements-531bd3b6de2e5e040ed8af51d407a266\">Partner ponosz\u0105cy osobist\u0105 odpowiedzialno\u015b\u0107: <\/p>\n\n\n\n<p class=\"has-black-color has-text-color has-link-color wp-elements-0ce4f0670db971ecfe8010f5b18b7002\">Administracja LSS Lewens Sonnenschutz-Systeme GmbH<\/p>\n\n\n\n<p class=\"has-black-color has-text-color has-link-color wp-elements-9dacdd6578518741cb5d651a483c8667\">Upowa\u017cnieni przedstawiciele zarz\u0105du:<br>Dipl.-Kfm. G\u00f6tz Albrecht Lewens<br>G\u00f6tz-Philip Lewens<\/p>\n\n\n\n<p class=\"has-black-color has-text-color has-link-color wp-elements-f4895a3908abbee2ca0fe0d7e19a9c1e\">Prokurent:<br>Moritz Daigfuss<br>Jens Adams<br>Fabian Cichon<\/p>\n\n\n\n<p class=\"has-black-color has-text-color has-link-color wp-elements-578c1e1f5b409d5f19aca3e87b4658fe\">S\u0105d rejestrowy: S\u0105d Rejonowy w Schwerinie<\/p>\n\n\n\n<p class=\"has-black-color has-text-color has-link-color wp-elements-752184d66bf6b059610cb71915ea2a29\">Numer rejestru: HR A 1518<\/p>\n\n\n\n<p class=\"has-black-color has-text-color has-link-color wp-elements-823df4689886bfe0ef7e07d155457868\">Numer identyfikacyjny VAT: DE 812578893<\/p>\n<\/div>\n\n\n\n<div class=\"wp-block-group has-error-color has-text-color has-link-color wp-elements-b9c8838c48c58ed30753c8eced39d4dd is-layout-constrained wp-block-group-is-layout-constrained\">\n<h2 class=\"wp-block-heading h3 has-black-color has-text-color has-link-color wp-elements-cfe3514cdbc838835118b5cb3b164d24\"><strong>Wy\u0142\u0105czenie odpowiedzialno\u015bci<\/strong><\/h2>\n\n\n\n<p class=\"has-black-color has-text-color has-link-color wp-elements-8a29cad7cd927db36ce3bbea6c9da682\">Pomimo starannej kontroli tre\u015bci nie ponosimy odpowiedzialno\u015bci za tre\u015b\u0107 link\u00f3w zewn\u0119trznych. Za tre\u015b\u0107 stron, do kt\u00f3rych prowadz\u0105 linki, odpowiedzialno\u015b\u0107 ponosz\u0105 wy\u0142\u0105cznie ich operatorzy.<\/p>\n\n\n\n<p class=\"has-black-color has-text-color has-link-color wp-elements-2d8fa51e4adee4ccf919ea376d7f469e\">Dokumenty opublikowane na naszych stronach oraz zwi\u0105zane z nimi grafiki mog\u0105 zawiera\u0107 nie\u015bcis\u0142o\u015bci techniczne i b\u0142\u0119dy typograficzne. Informacje s\u0105 okresowo aktualizowane. Zastrzegamy sobie prawo do wprowadzania ulepsze\u0144 i\/lub zmian w opisanych tutaj produktach i\/lub programach w dowolnym momencie. Oferty nie s\u0105 wi\u0105\u017c\u0105ce.<\/p>\n<\/div>\n\n\n\n<div class=\"wp-block-group has-error-color has-text-color has-link-color wp-elements-9c157f86e14d7bb2bcccdea0d81f75ae is-layout-constrained wp-block-group-is-layout-constrained\">\n<h2 class=\"wp-block-heading h3 has-black-color has-text-color has-link-color wp-elements-1779f36460b7ebecc85e7c11e430cf36\"><strong>Koncepcja, projekt i programowanie<\/strong><\/h2>\n\n\n\n<p class=\"has-black-color has-text-color has-link-color wp-elements-956889558b4bb21961effb9301a4c8c7\"><a href=\"https:\/\/www.smithberlin.com\/\" target=\"_blank\" rel=\"noreferrer noopener\">Smith Berlin<\/a><\/p>\n<\/div>\n<\/div>\n<\/div>\n","protected":false},"excerpt":{"rendered":"<p>LSS Lewens Sonnenschutz-Systeme GmbH &amp; Co. KG Bauernallee 1319288 Ludwigslust Telefon: +49 3874 2502 0Faks: +49 3874 2502 50E-Mail: info@lewens.de Partner ponosz\u0105cy osobist\u0105 odpowiedzialno\u015b\u0107: Administracja LSS Lewens Sonnenschutz-Systeme GmbH Upowa\u017cnieni przedstawiciele zarz\u0105du:Dipl.-Kfm. G\u00f6tz Albrecht LewensG\u00f6tz-Philip Lewens Prokurent:Moritz DaigfussJens AdamsFabian Cichon S\u0105d rejestrowy: S\u0105d Rejonowy w Schwerinie Numer rejestru: HR A 1518 Numer identyfikacyjny VAT: DE [&hellip;]<\/p>\n","protected":false},"author":3,"featured_media":0,"parent":0,"menu_order":0,"comment_status":"closed","ping_status":"closed","template":"","meta":{"_locale":"pl_PL","_original_post":"https:\/\/www.lewens.de\/?page_id=316","_thumbnails":[],"footnotes":"","_hide_thumbnail":false},"class_list":["post-12195","page","type-page","status-publish","hentry","pl-PL","teaser-view","legal"],"aioseo_notices":[],"_links":{"self":[{"href":"https:\/\/www.lewens.de\/wp-json\/wp\/v2\/pages\/12195","targetHints":{"allow":["GET"]}}],"collection":[{"href":"https:\/\/www.lewens.de\/wp-json\/wp\/v2\/pages"}],"about":[{"href":"https:\/\/www.lewens.de\/wp-json\/wp\/v2\/types\/page"}],"author":[{"embeddable":true,"href":"https:\/\/www.lewens.de\/wp-json\/wp\/v2\/users\/3"}],"replies":[{"embeddable":true,"href":"https:\/\/www.lewens.de\/wp-json\/wp\/v2\/comments?post=12195"}],"version-history":[{"count":7,"href":"https:\/\/www.lewens.de\/wp-json\/wp\/v2\/pages\/12195\/revisions"}],"predecessor-version":[{"id":12302,"href":"https:\/\/www.lewens.de\/wp-json\/wp\/v2\/pages\/12195\/revisions\/12302"}],"wp:attachment":[{"href":"https:\/\/www.lewens.de\/wp-json\/wp\/v2\/media?parent=12195"}],"curies":[{"name":"wp","href":"https:\/\/api.w.org\/{rel}","templated":true}]}}