{"id":12201,"date":"2026-01-06T12:09:33","date_gmt":"2026-01-06T12:09:33","guid":{"rendered":"https:\/\/www.lewens.de\/?page_id=12201"},"modified":"2026-01-06T21:29:02","modified_gmt":"2026-01-06T21:29:02","slug":"dziekujemy-za-zainteresowanie","status":"publish","type":"page","link":"https:\/\/www.lewens.de\/pl\/wyszukiwarka-autoryzowanych-dealerow\/dziekujemy-za-zainteresowanie\/","title":{"rendered":"Dzi\u0119kujemy za zainteresowanie"},"content":{"rendered":"\n<div class=\"wp-block-group alignfull is-layout-constrained wp-block-group-is-layout-constrained\"><h1 class=\"has-text-align-center width-456 wp-block-post-title\">Dzi\u0119kujemy za zainteresowanie<\/h1>\n\n\n<p class=\"has-text-align-center h3 width-944\">Wys\u0142ali\u015bmy wiadomo\u015b\u0107 na podany adres e-mail. Kliknij link w wiadomo\u015bci, aby przej\u015b\u0107 do listy specjalist\u00f3w.<\/p>\n\n\n\n<div class=\"wp-block-buttons is-content-justification-center is-layout-flex wp-container-core-buttons-is-layout-16018d1d wp-block-buttons-is-layout-flex\">\n<div class=\"wp-block-button is-style-outline is-style-outline--1\"><a class=\"wp-block-button__link wp-element-button\" href=\"https:\/\/www.lewens.de\/pl\/\">Powr\u00f3t do strony g\u0142\u00f3wnej<\/a><\/div>\n<\/div>\n<\/div>\n\n\n\n<figure class=\"wp-block-image alignfull size-full underlap-prev-40 hide-mobile\"><img decoding=\"async\" src=\"https:\/\/www.lewens.de\/wp-content\/uploads\/2025\/03\/retailer-search-pattern-bottom.svg\" alt=\"\" class=\"wp-image-2855\"\/><\/figure>\n\n\n\n<figure class=\"wp-block-image alignfull size-full hide-tablet hide-desktop\"><img decoding=\"async\" src=\"https:\/\/www.lewens.de\/wp-content\/uploads\/2025\/03\/Group-663.svg\" alt=\"\" class=\"wp-image-2965\"\/><\/figure>\n","protected":false},"excerpt":{"rendered":"<p>Wys\u0142ali\u015bmy wiadomo\u015b\u0107 na podany adres e-mail. Kliknij link w wiadomo\u015bci, aby przej\u015b\u0107 do listy specjalist\u00f3w.<\/p>\n","protected":false},"author":3,"featured_media":0,"parent":12181,"menu_order":0,"comment_status":"closed","ping_status":"closed","template":"","meta":{"_locale":"pl_PL","_original_post":"https:\/\/www.lewens.de\/?page_id=4145","_thumbnails":[],"footnotes":"","_hide_thumbnail":false},"class_list":["post-12201","page","type-page","status-publish","hentry","pl-PL","teaser-view"],"aioseo_notices":[],"_links":{"self":[{"href":"https:\/\/www.lewens.de\/wp-json\/wp\/v2\/pages\/12201","targetHints":{"allow":["GET"]}}],"collection":[{"href":"https:\/\/www.lewens.de\/wp-json\/wp\/v2\/pages"}],"about":[{"href":"https:\/\/www.lewens.de\/wp-json\/wp\/v2\/types\/page"}],"author":[{"embeddable":true,"href":"https:\/\/www.lewens.de\/wp-json\/wp\/v2\/users\/3"}],"replies":[{"embeddable":true,"href":"https:\/\/www.lewens.de\/wp-json\/wp\/v2\/comments?post=12201"}],"version-history":[{"count":2,"href":"https:\/\/www.lewens.de\/wp-json\/wp\/v2\/pages\/12201\/revisions"}],"predecessor-version":[{"id":12224,"href":"https:\/\/www.lewens.de\/wp-json\/wp\/v2\/pages\/12201\/revisions\/12224"}],"up":[{"embeddable":true,"href":"https:\/\/www.lewens.de\/wp-json\/wp\/v2\/pages\/12181"}],"wp:attachment":[{"href":"https:\/\/www.lewens.de\/wp-json\/wp\/v2\/media?parent=12201"}],"curies":[{"name":"wp","href":"https:\/\/api.w.org\/{rel}","templated":true}]}}