{"id":12215,"date":"2026-01-06T11:55:37","date_gmt":"2026-01-06T11:55:37","guid":{"rendered":"https:\/\/www.lewens.de\/?page_id=12215"},"modified":"2026-01-06T17:23:16","modified_gmt":"2026-01-06T17:23:16","slug":"404-nie-znaleziono","status":"publish","type":"page","link":"https:\/\/www.lewens.de\/pl\/404-nie-znaleziono\/","title":{"rendered":"404 nie znaleziono"},"content":{"rendered":"\n<div class=\"wp-block-group alignwide is-layout-constrained wp-block-group-is-layout-constrained\">\n<h1 class=\"wp-block-heading\">404<br>Strona nie zosta\u0142a znaleziona.<\/h1>\n\n\n\n<div class=\"wp-block-buttons is-layout-flex wp-block-buttons-is-layout-flex\">\n<div class=\"wp-block-button\"><a class=\"wp-block-button__link wp-element-button\" href=\"https:\/\/www.lewens.de\/pl\/\">Powr\u00f3t do strony g\u0142\u00f3wnej<\/a><\/div>\n<\/div>\n<\/div>\n","protected":false},"excerpt":{"rendered":"<p>404Strona nie zosta\u0142a znaleziona.<\/p>\n","protected":false},"author":3,"featured_media":0,"parent":0,"menu_order":0,"comment_status":"closed","ping_status":"closed","template":"","meta":{"_locale":"pl_PL","_original_post":"https:\/\/www.lewens.de\/?page_id=9872","_thumbnails":[],"footnotes":"","_hide_thumbnail":false},"class_list":["post-12215","page","type-page","status-publish","hentry","pl-PL","teaser-view"],"aioseo_notices":[],"_links":{"self":[{"href":"https:\/\/www.lewens.de\/wp-json\/wp\/v2\/pages\/12215","targetHints":{"allow":["GET"]}}],"collection":[{"href":"https:\/\/www.lewens.de\/wp-json\/wp\/v2\/pages"}],"about":[{"href":"https:\/\/www.lewens.de\/wp-json\/wp\/v2\/types\/page"}],"author":[{"embeddable":true,"href":"https:\/\/www.lewens.de\/wp-json\/wp\/v2\/users\/3"}],"replies":[{"embeddable":true,"href":"https:\/\/www.lewens.de\/wp-json\/wp\/v2\/comments?post=12215"}],"version-history":[{"count":3,"href":"https:\/\/www.lewens.de\/wp-json\/wp\/v2\/pages\/12215\/revisions"}],"predecessor-version":[{"id":12223,"href":"https:\/\/www.lewens.de\/wp-json\/wp\/v2\/pages\/12215\/revisions\/12223"}],"wp:attachment":[{"href":"https:\/\/www.lewens.de\/wp-json\/wp\/v2\/media?parent=12215"}],"curies":[{"name":"wp","href":"https:\/\/api.w.org\/{rel}","templated":true}]}}