{"id":12237,"date":"2026-01-06T17:12:23","date_gmt":"2026-01-06T17:12:23","guid":{"rendered":"https:\/\/www.lewens.de\/?page_id=12237"},"modified":"2026-01-06T19:59:44","modified_gmt":"2026-01-06T19:59:44","slug":"aplikacja","status":"publish","type":"page","link":"https:\/\/www.lewens.de\/pl\/kariera\/oferty-pracy\/aplikacja\/","title":{"rendered":"Aplikacja"},"content":{"rendered":"\n<div class=\"wp-block-group alignfull is-layout-constrained wp-block-group-is-layout-constrained\"><h1 class=\"has-text-align-center wp-block-post-title\">Aplikacja<\/h1>\n\n\n<div class=\"wp-block-group width-944 is-layout-constrained wp-block-group-is-layout-constrained\">\n<div class=\"wp-block-contact-form-7-contact-form-selector\">\n<div class=\"wpcf7 no-js\" id=\"wpcf7-f11370-o1\" lang=\"de-DE\" dir=\"ltr\" data-wpcf7-id=\"11370\">\n<div class=\"screen-reader-response\"><p role=\"status\" aria-live=\"polite\" aria-atomic=\"true\"><\/p> <ul><\/ul><\/div>\n<form action=\"\/pl\/wp-json\/wp\/v2\/pages\/12237#wpcf7-f11370-o1\" method=\"post\" class=\"wpcf7-form init wpcf7-acceptance-as-validation\" aria-label=\"Kontaktformular\" enctype=\"multipart\/form-data\" novalidate=\"novalidate\" data-status=\"init\">\n<fieldset class=\"hidden-fields-container\"><input type=\"hidden\" name=\"_wpcf7\" value=\"11370\" \/><input type=\"hidden\" name=\"_wpcf7_version\" value=\"6.1.5\" \/><input type=\"hidden\" name=\"_wpcf7_locale\" value=\"de_DE\" \/><input type=\"hidden\" name=\"_wpcf7_unit_tag\" value=\"wpcf7-f11370-o1\" \/><input type=\"hidden\" name=\"_wpcf7_container_post\" value=\"0\" \/><input type=\"hidden\" name=\"_wpcf7_posted_data_hash\" value=\"\" \/>\n<\/fieldset>\n<div class=\"wp-block-group\" style=\"has-spacing-large\">\n    <h2>Ihr Kontakt<\/h2>\n\n    <div class=\"wp-block-columns\">\n        <div class=\"form-item required wp-block-column\">\n            <label for=\"your-name\">Vor- und Nachname<\/label>\n            <span class=\"wpcf7-form-control-wrap\" data-name=\"your-name\"><input size=\"40\" maxlength=\"400\" class=\"wpcf7-form-control wpcf7-text wpcf7-validates-as-required\" id=\"your-name\" autocomplete=\"name\" aria-required=\"true\" aria-invalid=\"false\" placeholder=\"Vor- und Nachname\" value=\"\" type=\"text\" name=\"your-name\" \/><\/span>\n        <\/div>\n        <div class=\"form-item required wp-block-column\">\n            <label for=\"your-birthdate\">Geburtsdatum<\/label>\n            <span class=\"wpcf7-form-control-wrap\" data-name=\"your-birthdate\"><input class=\"wpcf7-form-control wpcf7-date wpcf7-validates-as-required wpcf7-validates-as-date\" id=\"your-birthdate\" autocomplete=\"bday\" aria-required=\"true\" aria-invalid=\"false\" placeholder=\"TT \/ MM \/ JJJJ\" value=\"\" type=\"date\" name=\"your-birthdate\" data-format=\"d \/ m \/ Y\" data-format=\"d \/ m \/ Y\" \/><\/span>\n        <\/div>\n    <\/div>\n\n    <div class=\"wp-block-columns\">\n        <div class=\"form-item required wp-block-column\">\n            <label for=\"your-email\">E-Mail Adresse<\/label>\n            <span class=\"wpcf7-form-control-wrap\" data-name=\"your-email\"><input size=\"40\" maxlength=\"400\" class=\"wpcf7-form-control wpcf7-email wpcf7-validates-as-required wpcf7-text wpcf7-validates-as-email\" id=\"your-email\" autocomplete=\"email\" aria-required=\"true\" aria-invalid=\"false\" placeholder=\"E-Mail Adresse\" value=\"\" type=\"email\" name=\"your-email\" \/><\/span>\n        <\/div>\n        <div class=\"form-item required wp-block-column\">\n            <label for=\"your-phone\">Telefonnummer<\/label>\n            <span class=\"wpcf7-form-control-wrap\" data-name=\"your-phone\"><input size=\"40\" maxlength=\"400\" class=\"wpcf7-form-control wpcf7-tel wpcf7-validates-as-required wpcf7-text wpcf7-validates-as-tel\" id=\"your-phone\" autocomplete=\"tel\" aria-required=\"true\" aria-invalid=\"false\" placeholder=\"Telefonnummer\" value=\"\" type=\"tel\" name=\"your-phone\" \/><\/span>\n        <\/div>\n    <\/div>\n\n    <div class=\"wp-block-columns\">\n        <div class=\"form-item required wp-block-column\">\n            <label for=\"your-street\">Strasse<\/label>\n            <span class=\"wpcf7-form-control-wrap\" data-name=\"your-street\"><input size=\"40\" maxlength=\"400\" class=\"wpcf7-form-control wpcf7-text wpcf7-validates-as-required\" id=\"your-street\" aria-required=\"true\" aria-invalid=\"false\" placeholder=\"Strasse\" value=\"\" type=\"text\" name=\"your-street\" \/><\/span>\n        <\/div>\n        <div class=\"form-item required wp-block-column\">\n            <label for=\"your-housenumber\">Hausnummer<\/label>\n            <span class=\"wpcf7-form-control-wrap\" data-name=\"your-housenumber\"><input size=\"40\" maxlength=\"400\" class=\"wpcf7-form-control wpcf7-text wpcf7-validates-as-required\" id=\"your-housenumber\" autocomplete=\"address-line1\" aria-required=\"true\" aria-invalid=\"false\" placeholder=\"Hausnummer\" value=\"\" type=\"text\" name=\"your-housenumber\" \/><\/span>\n        <\/div>\n    <\/div>\n\n    <div class=\"wp-block-columns\">\n        <div class=\"form-item required wp-block-column\">\n            <label for=\"your-city\">Stadt<\/label>\n            <span class=\"wpcf7-form-control-wrap\" data-name=\"your-city\"><input size=\"40\" maxlength=\"400\" class=\"wpcf7-form-control wpcf7-text wpcf7-validates-as-required\" id=\"your-city\" autocomplete=\"address-level2\" aria-required=\"true\" aria-invalid=\"false\" placeholder=\"Stadt\" value=\"\" type=\"text\" name=\"your-city\" \/><\/span>\n        <\/div>\n        <div class=\"form-item required wp-block-column\">\n            <label for=\"your-zip-code\">Postleitzahl<\/label>\n            <span class=\"wpcf7-form-control-wrap\" data-name=\"your-zip-code\"><input size=\"40\" maxlength=\"400\" class=\"wpcf7-form-control wpcf7-text wpcf7-validates-as-required\" id=\"your-zip-code\" autocomplete=\"zip-code\" aria-required=\"true\" aria-invalid=\"false\" placeholder=\"Postleitzahl\" value=\"\" type=\"text\" name=\"your-zip-code\" \/><\/span>\n        <\/div>\n    <\/div>\n\n    <span id=\"wpcf7-69f60d9bbf801-wrapper\" class=\"wpcf7-form-control-wrap your-country-wrap\" style=\"text-indent: 100%; white-space: nowrap; overflow: hidden; position: absolute; clip: rect(1px, 1px, 1px, 1px); clip-path: inset(50%); z-index: -1;\"><input type=\"hidden\" name=\"your-country-time-start\" value=\"1777733019\"><input type=\"hidden\" name=\"your-country-time-check\" value=\"10\"><label for=\"wpcf7-69f60d9bbf801-field\" class=\"hp-message\">Bitte lasse dieses Feld leer.<\/label><input id=\"wpcf7-69f60d9bbf801-field\"  placeholder=\"Land\"  class=\"wpcf7-form-control wpcf7-text\" type=\"text\" name=\"your-country\" value=\"\" size=\"40\" tabindex=\"-1\" autocomplete=\"new-password\" \/><\/span>\n<\/div>\n\n<h2>Ihre Bewerbung<\/h2>\n\n<div class=\"form-item required\">\n    <label for=\"application-for\">Stelle<\/label>\n    <span class=\"wpcf7-form-control-wrap\" data-name=\"application-for\"><select class=\"wpcf7-form-control wpcf7-select wpcf7-validates-as-required\" id=\"application-for\" aria-required=\"true\" aria-invalid=\"false\" name=\"application-for\"><option value=\"\"><\/option><option value=\"Initiativbewerbung\">Initiativbewerbung&lt;span class=&quot;job-location-list&quot;&gt;&lt;\/span&gt;<\/option><option value=\"11425\">Aus&shy;bil&shy;dung zum In&shy;dus&shy;trie&shy;kauf&shy;frau\/-mann (m\/w\/d) &lt;br \/&gt;&lt;span class=&#039;job-location-list&#039;&gt;Ludwigslust&lt;\/span&gt;<\/option><option value=\"2466\">Aus&shy;bil&shy;dung zum In&shy;dus&shy;trie&shy;kauf&shy;frau\/-mann (m\/w\/d) &lt;br \/&gt;&lt;span class=&#039;job-location-list&#039;&gt;Ludwigslust&lt;\/span&gt;<\/option><option value=\"11426\">Aus&shy;bil&shy;dung zum In&shy;dus&shy;trie&shy;kauf&shy;frau\/-mann (m\/w\/d) &lt;br \/&gt;&lt;span class=&#039;job-location-list&#039;&gt;Ludwigslust&lt;\/span&gt;<\/option><option value=\"8359\">Aus&shy;bil&shy;dung zum In&shy;dus&shy;trie&shy;kauf&shy;frau\/-mann (m\/w\/d) &lt;br \/&gt;&lt;span class=&#039;job-location-list&#039;&gt;Ludwigslust&lt;\/span&gt;<\/option><option value=\"2463\">Aus&shy;bil&shy;dung zum In&shy;dus&shy;trie&shy;me&shy;cha&shy;ni&shy;ker (m\/w\/d) &lt;br \/&gt;&lt;span class=&#039;job-location-list&#039;&gt;Ludwigslust&lt;\/span&gt;<\/option><option value=\"11429\">Aus&shy;bil&shy;dung zum In&shy;dus&shy;trie&shy;me&shy;cha&shy;ni&shy;ker (m\/w\/d) &lt;br \/&gt;&lt;span class=&#039;job-location-list&#039;&gt;Ludwigslust&lt;\/span&gt;<\/option><option value=\"11430\">Aus&shy;bil&shy;dung zum In&shy;dus&shy;trie&shy;me&shy;cha&shy;ni&shy;ker (m\/w\/d) &lt;br \/&gt;&lt;span class=&#039;job-location-list&#039;&gt;Ludwigslust&lt;\/span&gt;<\/option><option value=\"8360\">Aus&shy;bil&shy;dung zum In&shy;dus&shy;trie&shy;me&shy;cha&shy;ni&shy;ker (m\/w\/d) &lt;br \/&gt;&lt;span class=&#039;job-location-list&#039;&gt;Ludwigslust&lt;\/span&gt;<\/option><option value=\"2457\">Aus&shy;bil&shy;dung zum Me&shy;cha&shy;tro&shy;ni&shy;ker (m\/w\/d) &lt;br \/&gt;&lt;span class=&#039;job-location-list&#039;&gt;Ludwigslust&lt;\/span&gt;<\/option><option value=\"8361\">Aus&shy;bil&shy;dung zum Me&shy;cha&shy;tro&shy;ni&shy;ker (m\/w\/d) &lt;br \/&gt;&lt;span class=&#039;job-location-list&#039;&gt;Ludwigslust&lt;\/span&gt;<\/option><option value=\"11433\">Aus&shy;bil&shy;dung zum Me&shy;cha&shy;tro&shy;ni&shy;ker (m\/w\/d) &lt;br \/&gt;&lt;span class=&#039;job-location-list&#039;&gt;Ludwigslust&lt;\/span&gt;<\/option><option value=\"11434\">Aus&shy;bil&shy;dung zum Me&shy;cha&shy;tro&shy;ni&shy;ker (m\/w\/d) &lt;br \/&gt;&lt;span class=&#039;job-location-list&#039;&gt;Ludwigslust&lt;\/span&gt;<\/option><option value=\"2452\">Aus&shy;bil&shy;dung zum Ver&shy;fah&shy;rens&shy;me&shy;cha&shy;ni&shy;ker f\u00fcr Be&shy;schich&shy;tungs&shy;tech&shy;nik (m\/w\/d) &lt;br \/&gt;&lt;span class=&#039;job-location-list&#039;&gt;Ludwigslust&lt;\/span&gt;<\/option><option value=\"8365\">Aus&shy;bil&shy;dung zum Ver&shy;fah&shy;rens&shy;me&shy;cha&shy;ni&shy;ker f\u00fcr Be&shy;schich&shy;tungs&shy;tech&shy;nik (m\/w\/d) &lt;br \/&gt;&lt;span class=&#039;job-location-list&#039;&gt;Ludwigslust&lt;\/span&gt;<\/option><option value=\"11437\">Aus&shy;bil&shy;dung zum Ver&shy;fah&shy;rens&shy;me&shy;cha&shy;ni&shy;ker f\u00fcr Be&shy;schich&shy;tungs&shy;tech&shy;nik (m\/w\/d) &lt;br \/&gt;&lt;span class=&#039;job-location-list&#039;&gt;Ludwigslust&lt;\/span&gt;<\/option><option value=\"11438\">Aus&shy;bil&shy;dung zum Ver&shy;fah&shy;rens&shy;me&shy;cha&shy;ni&shy;ker f\u00fcr Be&shy;schich&shy;tungs&shy;tech&shy;nik (m\/w\/d) &lt;br \/&gt;&lt;span class=&#039;job-location-list&#039;&gt;Ludwigslust&lt;\/span&gt;<\/option><option value=\"2461\">Aus&shy;bil&shy;dung zur Fach&shy;kraft f\u00fcr La&shy;ger&shy;lo&shy;gis&shy;tik (m\/w\/d) &lt;br \/&gt;&lt;span class=&#039;job-location-list&#039;&gt;Ludwigslust&lt;\/span&gt;<\/option><option value=\"8367\">Aus&shy;bil&shy;dung zur Fach&shy;kraft f\u00fcr La&shy;ger&shy;lo&shy;gis&shy;tik (m\/w\/d) &lt;br \/&gt;&lt;span class=&#039;job-location-list&#039;&gt;Ludwigslust&lt;\/span&gt;<\/option><option value=\"11441\">Aus&shy;bil&shy;dung zur Fach&shy;kraft f\u00fcr La&shy;ger&shy;lo&shy;gis&shy;tik (m\/w\/d) &lt;br \/&gt;&lt;span class=&#039;job-location-list&#039;&gt;Ludwigslust&lt;\/span&gt;<\/option><option value=\"11442\">Aus&shy;bil&shy;dung zur Fach&shy;kraft f\u00fcr La&shy;ger&shy;lo&shy;gis&shy;tik (m\/w\/d) &lt;br \/&gt;&lt;span class=&#039;job-location-list&#039;&gt;Ludwigslust&lt;\/span&gt;<\/option><option value=\"2454\">E&shy;lek&shy;tro&shy;ni&shy;ker, In&shy;dus&shy;trie&shy;me&shy;cha&shy;ni&shy;ker, Me&shy;cha&shy;tro&shy;ni&shy;ker (m\/w\/d) &lt;br \/&gt;&lt;span class=&#039;job-location-list&#039;&gt;Ludwigslust&lt;\/span&gt;<\/option><option value=\"8369\">E&shy;lek&shy;tro&shy;ni&shy;ker, In&shy;dus&shy;trie&shy;me&shy;cha&shy;ni&shy;ker, Me&shy;cha&shy;tro&shy;ni&shy;ker (m\/w\/d) &lt;br \/&gt;&lt;span class=&#039;job-location-list&#039;&gt;Ludwigslust&lt;\/span&gt;<\/option><option value=\"11445\">E&shy;lek&shy;tro&shy;ni&shy;ker, In&shy;dus&shy;trie&shy;me&shy;cha&shy;ni&shy;ker, Me&shy;cha&shy;tro&shy;ni&shy;ker (m\/w\/d) &lt;br \/&gt;&lt;span class=&#039;job-location-list&#039;&gt;Ludwigslust&lt;\/span&gt;<\/option><option value=\"10479\">E&shy;lek&shy;tro&shy;ni&shy;ker, In&shy;dus&shy;trie&shy;me&shy;cha&shy;ni&shy;ker, Me&shy;cha&shy;tro&shy;ni&shy;ker (m\/w\/d) &lt;br \/&gt;&lt;span class=&#039;job-location-list&#039;&gt;Ludwigslust&lt;\/span&gt;<\/option><option value=\"10596\">Mit&shy;ar&shy;bei&shy;ter f\u00fcr die Be&shy;schich&shy;tung, Mon&shy;tage und Ver&shy;sand von Mar&shy;kisen und Glas&shy;d\u00e4ch&shy;ern (m\/w\/d) &lt;br \/&gt;&lt;span class=&#039;job-location-list&#039;&gt;Ludwigslust&lt;\/span&gt;<\/option><option value=\"2475\">Mit&shy;ar&shy;bei&shy;ter f\u00fcr die Be&shy;schich&shy;tung, Mon&shy;tage und Ver&shy;sand von Mar&shy;kisen und Glas&shy;d\u00e4ch&shy;ern (m\/w\/d) &lt;br \/&gt;&lt;span class=&#039;job-location-list&#039;&gt;Ludwigslust&lt;\/span&gt;<\/option><option value=\"8371\">Mit&shy;ar&shy;bei&shy;ter f\u00fcr die Be&shy;schich&shy;tung, Mon&shy;tage und Ver&shy;sand von Mar&shy;kisen und Glas&shy;d\u00e4ch&shy;ern (m\/w\/d) &lt;br \/&gt;&lt;span class=&#039;job-location-list&#039;&gt;Ludwigslust&lt;\/span&gt;<\/option><option value=\"11449\">Mit&shy;ar&shy;bei&shy;ter f\u00fcr die Be&shy;schich&shy;tung, Mon&shy;tage und Ver&shy;sand von Mar&shy;kisen und Glas&shy;d\u00e4ch&shy;ern (m\/w\/d) &lt;br \/&gt;&lt;span class=&#039;job-location-list&#039;&gt;Ludwigslust&lt;\/span&gt;<\/option><option value=\"10641\">Mitarbeiter im Qualit\u00e4tsmanagement (m\/w\/d) &lt;br \/&gt;&lt;span class=&#039;job-location-list&#039;&gt;Ludwigslust&lt;\/span&gt;<\/option><option value=\"11451\">Mitarbeiter im Qualit\u00e4tsmanagement (m\/w\/d) &lt;br \/&gt;&lt;span class=&#039;job-location-list&#039;&gt;Ludwigslust&lt;\/span&gt;<\/option><option value=\"8410\">Mitarbeiter im Qualit\u00e4tsmanagement (m\/w\/d) &lt;br \/&gt;&lt;span class=&#039;job-location-list&#039;&gt;Ludwigslust&lt;\/span&gt;<\/option><option value=\"8412\">Mitarbeiter im Qualit\u00e4tsmanagement (m\/w\/d) &lt;br \/&gt;&lt;span class=&#039;job-location-list&#039;&gt;Ludwigslust&lt;\/span&gt;<\/option><option value=\"10643\">Mitarbeiter in der N\u00e4herei (m\/w\/d) &lt;br \/&gt;&lt;span class=&#039;job-location-list&#039;&gt;Ludwigslust&lt;\/span&gt;<\/option><option value=\"2469\">Mitarbeiter in der N\u00e4herei (m\/w\/d) &lt;br \/&gt;&lt;span class=&#039;job-location-list&#039;&gt;Ludwigslust&lt;\/span&gt;<\/option><option value=\"8375\">Mitarbeiter in der N\u00e4herei (m\/w\/d) &lt;br \/&gt;&lt;span class=&#039;job-location-list&#039;&gt;Ludwigslust&lt;\/span&gt;<\/option><option value=\"11453\">Mitarbeiter in der N\u00e4herei (m\/w\/d) &lt;br \/&gt;&lt;span class=&#039;job-location-list&#039;&gt;Ludwigslust&lt;\/span&gt;<\/option><option value=\"10645\">Servicetechniker\/ Monteure (m\/w\/d) &lt;br \/&gt;&lt;span class=&#039;job-location-list&#039;&gt;Bundesweit&lt;\/span&gt;<\/option><option value=\"2473\">Servicetechniker\/ Monteure (m\/w\/d) &lt;br \/&gt;&lt;span class=&#039;job-location-list&#039;&gt;Bundesweit&lt;\/span&gt;<\/option><option value=\"8377\">Servicetechniker\/ Monteure (m\/w\/d) &lt;br \/&gt;&lt;span class=&#039;job-location-list&#039;&gt;Bundesweit&lt;\/span&gt;<\/option><option value=\"11455\">Servicetechniker\/ Monteure (m\/w\/d) &lt;br \/&gt;&lt;span class=&#039;job-location-list&#039;&gt;Bundesweit&lt;\/span&gt;<\/option><option value=\"10651\">Technischer Sachbearbeiter (m\/w\/d) &lt;br \/&gt;&lt;span class=&#039;job-location-list&#039;&gt;Ludwigslust&lt;\/span&gt;<\/option><option value=\"2471\">Technischer Sachbearbeiter (m\/w\/d) &lt;br \/&gt;&lt;span class=&#039;job-location-list&#039;&gt;Ludwigslust&lt;\/span&gt;<\/option><option value=\"8381\">Technischer Sachbearbeiter (m\/w\/d) &lt;br \/&gt;&lt;span class=&#039;job-location-list&#039;&gt;Ludwigslust&lt;\/span&gt;<\/option><option value=\"11459\">Technischer Sachbearbeiter (m\/w\/d) &lt;br \/&gt;&lt;span class=&#039;job-location-list&#039;&gt;Ludwigslust&lt;\/span&gt;<\/option><\/select><\/span>\n<\/div>\n\n<div class=\"form-item required\">\n    <label for=\"your-documents\">Bewerbungsunterlagen Hochladen<\/label>\n    <span class=\"wpcf7-form-control-wrap\" data-name=\"your-documents\"><input size=\"40\" class=\"wpcf7-form-control wpcf7-file wpcf7-validates-as-required\" id=\"your-documents\" accept=\".pdf\" aria-required=\"true\" aria-invalid=\"false\" type=\"file\" name=\"your-documents[]\" multiple=\"multiple\" \/><\/span>\n<\/div>\n\n<div class=\"form-item\">\n    <label for=\"your-cover-letter\">Kurzes Anschreiben (optional)<\/label>\n    <span class=\"wpcf7-form-control-wrap\" data-name=\"your-cover-letter\"><textarea cols=\"40\" rows=\"10\" maxlength=\"2000\" class=\"wpcf7-form-control wpcf7-textarea\" id=\"your-cover-letter\" aria-invalid=\"false\" placeholder=\"Kurzes Anschreiben\" name=\"your-cover-letter\"><\/textarea><\/span>\n<\/div>\n\n<div class=\"wp-block-columns\">\n    <div class=\"form-item wp-block-column\">\n        <label for=\"your-salary-expectations\">Gehaltsvorstellung (optional)<\/label>\n        <span class=\"wpcf7-form-control-wrap\" data-name=\"your-salary-expectations\"><input size=\"40\" maxlength=\"400\" class=\"wpcf7-form-control wpcf7-text\" id=\"your-salary-expectations\" aria-invalid=\"false\" placeholder=\"Gehaltsvorstellung\" value=\"\" type=\"text\" name=\"your-salary-expectations\" \/><\/span>\n    <\/div>\n    <div class=\"form-item wp-block-column\">\n        <label for=\"your-start-date\">Fr\u00fchster Eintrittstermin (optional)<\/label>\n        <span class=\"wpcf7-form-control-wrap\" data-name=\"your-start-date\"><input class=\"wpcf7-form-control wpcf7-date wpcf7-validates-as-date\" id=\"your-start-date\" aria-invalid=\"false\" placeholder=\"TT \/ MM \/ JJJJ\" value=\"\" type=\"date\" name=\"your-start-date\" data-format=\"d \/ m \/ Y\" data-format=\"d \/ m \/ Y\" \/><\/span>\n    <\/div>\n<\/div>\n\n<div class=\"form-item\">\n    <label for=\"your-entry-point\">Wie bist du auf uns aufmerksam geworden? (optional)<\/label>\n    <span class=\"wpcf7-form-control-wrap\" data-name=\"your-entry-point\"><select class=\"wpcf7-form-control wpcf7-select\" id=\"your-entry-point\" aria-invalid=\"false\" name=\"your-entry-point\"><option value=\"\"><\/option><option value=\"Stellenportal\">Stellenportal<\/option><option value=\"Social Media\">Social Media<\/option><option value=\"Pers\u00f6nliche Empfehlung\">Pers\u00f6nliche Empfehlung<\/option><option value=\"Keine Angabe\">Keine Angabe<\/option><\/select><\/span>\n<\/div>\n\n<p style=\"margin-top: -10px; opacity: .5;\">*Pflichtfelder<\/p>\n\n<span class=\"wpcf7-form-control-wrap\" data-name=\"acceptance\"><span class=\"wpcf7-form-control wpcf7-acceptance\"><span class=\"wpcf7-list-item\"><label><input type=\"checkbox\" name=\"acceptance\" value=\"1\" class=\"privacy-policy\" aria-invalid=\"false\" \/><span class=\"wpcf7-list-item-label\">Ich stimme unter Ber\u00fccksichtigung der Datenschutzerkl\u00e4rung f\u00fcr Interessenten ausdr\u00fccklich zu, dass die im vorliegenden Formular von mir zur Verf\u00fcgung gestellten Daten zum Zweck der Kontaktaufnahme im Rahmen der Bewerbung von der LSS Lewens Sonnenschutz-Systeme GmbH & Co. KG verarbeitet werden d\u00fcrfen. Durch die Angabe meiner E-Mail-Adresse stimme ich ausdr\u00fccklich zu, per E-Mail kontaktiert zu werden. Ich habe das Recht, meine ausdr\u00fcckliche Zustimmung jederzeit ganz oder teilweise unter\u00a0datenschutz@lewens.de f\u00fcr die Zukunft zu widerrufen. Durch den Widerruf wird die Rechtm\u00e4\u00dfigkeit der aufgrund der Einwilligung bis zum Widerruf erfolgten Verarbeitung nicht ber\u00fchrt.<\/span><\/label><\/span><\/span><\/span>\n\n<p class=\"has-text-align-center\">\n    <button type=\"submit\" class=\"is-style-outline\">Senden<\/button>\n<\/p><div class=\"wpcf7-response-output\" aria-hidden=\"true\"><\/div>\n<\/form>\n<\/div>\n<\/div>\n<\/div>\n<\/div>\n\n\n\n<figure class=\"wp-block-image alignfull size-full underlap-prev-40 hide-mobile\"><img decoding=\"async\" src=\"https:\/\/www.lewens.de\/wp-content\/uploads\/2025\/02\/Group-664.svg\" alt=\"\" class=\"wp-image-2492\"\/><\/figure>\n\n\n\n<figure class=\"wp-block-image alignfull size-full hide-tablet hide-desktop\"><img decoding=\"async\" src=\"https:\/\/www.lewens.de\/wp-content\/uploads\/2025\/08\/Circles-mobile.svg\" alt=\"\" class=\"wp-image-5229\"\/><\/figure>\n","protected":false},"excerpt":{"rendered":"","protected":false},"author":3,"featured_media":0,"parent":12172,"menu_order":0,"comment_status":"closed","ping_status":"closed","template":"","meta":{"_locale":"pl_PL","_original_post":"https:\/\/www.lewens.de\/?page_id=5160","_thumbnails":[],"footnotes":"","_hide_thumbnail":false},"class_list":["post-12237","page","type-page","status-publish","hentry","pl-PL","teaser-view"],"aioseo_notices":[],"_links":{"self":[{"href":"https:\/\/www.lewens.de\/wp-json\/wp\/v2\/pages\/12237","targetHints":{"allow":["GET"]}}],"collection":[{"href":"https:\/\/www.lewens.de\/wp-json\/wp\/v2\/pages"}],"about":[{"href":"https:\/\/www.lewens.de\/wp-json\/wp\/v2\/types\/page"}],"author":[{"embeddable":true,"href":"https:\/\/www.lewens.de\/wp-json\/wp\/v2\/users\/3"}],"replies":[{"embeddable":true,"href":"https:\/\/www.lewens.de\/wp-json\/wp\/v2\/comments?post=12237"}],"version-history":[{"count":1,"href":"https:\/\/www.lewens.de\/wp-json\/wp\/v2\/pages\/12237\/revisions"}],"predecessor-version":[{"id":12238,"href":"https:\/\/www.lewens.de\/wp-json\/wp\/v2\/pages\/12237\/revisions\/12238"}],"up":[{"embeddable":true,"href":"https:\/\/www.lewens.de\/wp-json\/wp\/v2\/pages\/12172"}],"wp:attachment":[{"href":"https:\/\/www.lewens.de\/wp-json\/wp\/v2\/media?parent=12237"}],"curies":[{"name":"wp","href":"https:\/\/api.w.org\/{rel}","templated":true}]}}