{"id":12250,"date":"2026-01-06T18:45:42","date_gmt":"2026-01-06T18:45:42","guid":{"rendered":"https:\/\/www.lewens.de\/?page_id=12250"},"modified":"2026-01-06T18:45:42","modified_gmt":"2026-01-06T18:45:42","slug":"subskrypcja-newslettera-powiodla-sie","status":"publish","type":"page","link":"https:\/\/www.lewens.de\/pl\/subskrypcja-newslettera-powiodla-sie\/","title":{"rendered":"Subskrypcja newslettera powiod\u0142a si\u0119"},"content":{"rendered":"\n<div class=\"wp-block-group alignfull is-layout-constrained wp-block-group-is-layout-constrained\">\n<h1 class=\"wp-block-heading has-text-align-center\">Dzi\u0119kujemy za zapisanie si\u0119<\/h1>\n\n\n\n<p class=\"has-text-align-center h3 width-944\">Tw\u00f3j adres zosta\u0142 dodany do listy subskrybent\u00f3w newslettera.<\/p>\n\n\n\n<div class=\"wp-block-buttons is-content-justification-center is-layout-flex wp-container-core-buttons-is-layout-16018d1d wp-block-buttons-is-layout-flex\">\n<div class=\"wp-block-button is-style-outline is-style-outline--1\"><a class=\"wp-block-button__link wp-element-button\" href=\"https:\/\/www.lewens.de\/pl\/\">Powr\u00f3t do strony g\u0142\u00f3wnej<\/a><\/div>\n<\/div>\n<\/div>\n\n\n\n<figure class=\"wp-block-image alignfull size-full underlap-prev-40 hide-mobile\"><img decoding=\"async\" src=\"https:\/\/www.lewens.de\/wp-content\/uploads\/2025\/03\/retailer-search-pattern-bottom.svg\" alt=\"\" class=\"wp-image-2855\"\/><\/figure>\n\n\n\n<figure class=\"wp-block-image alignfull size-full hide-tablet hide-desktop\"><img decoding=\"async\" src=\"https:\/\/www.lewens.de\/wp-content\/uploads\/2025\/03\/Group-663.svg\" alt=\"\" class=\"wp-image-2965\"\/><\/figure>\n","protected":false},"excerpt":{"rendered":"<p>Dzi\u0119kujemy za zapisanie si\u0119 Tw\u00f3j adres zosta\u0142 dodany do listy subskrybent\u00f3w newslettera.<\/p>\n","protected":false},"author":3,"featured_media":0,"parent":0,"menu_order":0,"comment_status":"closed","ping_status":"closed","template":"","meta":{"_locale":"pl_PL","_original_post":"https:\/\/www.lewens.de\/?page_id=7056","_thumbnails":[],"footnotes":"","_hide_thumbnail":false},"class_list":["post-12250","page","type-page","status-publish","hentry","pl-PL","teaser-view"],"aioseo_notices":[],"_links":{"self":[{"href":"https:\/\/www.lewens.de\/wp-json\/wp\/v2\/pages\/12250","targetHints":{"allow":["GET"]}}],"collection":[{"href":"https:\/\/www.lewens.de\/wp-json\/wp\/v2\/pages"}],"about":[{"href":"https:\/\/www.lewens.de\/wp-json\/wp\/v2\/types\/page"}],"author":[{"embeddable":true,"href":"https:\/\/www.lewens.de\/wp-json\/wp\/v2\/users\/3"}],"replies":[{"embeddable":true,"href":"https:\/\/www.lewens.de\/wp-json\/wp\/v2\/comments?post=12250"}],"version-history":[{"count":1,"href":"https:\/\/www.lewens.de\/wp-json\/wp\/v2\/pages\/12250\/revisions"}],"predecessor-version":[{"id":12251,"href":"https:\/\/www.lewens.de\/wp-json\/wp\/v2\/pages\/12250\/revisions\/12251"}],"wp:attachment":[{"href":"https:\/\/www.lewens.de\/wp-json\/wp\/v2\/media?parent=12250"}],"curies":[{"name":"wp","href":"https:\/\/api.w.org\/{rel}","templated":true}]}}