{"id":13261,"date":"2026-04-18T18:50:52","date_gmt":"2026-04-18T18:50:52","guid":{"rendered":"https:\/\/www.lewens.de\/?page_id=13261"},"modified":"2026-04-18T18:51:08","modified_gmt":"2026-04-18T18:51:08","slug":"opcje","status":"publish","type":"page","link":"https:\/\/www.lewens.de\/pl\/opcje\/","title":{"rendered":"Opcje"},"content":{"rendered":"\n<div class=\"wp-block-group is-layout-constrained wp-block-group-is-layout-constrained\" style=\"margin-top:var(--wp--preset--spacing--default)\">\n<div data-uuid=\"dfc94311-5b3f-4f83-9353-e445926ca53f\" data-grid=\"1\" class=\"wp-block-posts-list-block option-posts-list wp-block-group is-layout-media-text wp-block-group-is-layout-media-text\"><span class=\"posts-list--do-not-append\" data-result-cnt=\"1\" hidden><span>1 wynik<\/span><\/span>\n            <article id=\"post-13255\" class=\"wp-block-media-text is-image-fill-element is-stacked-on-mobile has-background post-13255 option type-option status-publish has-post-thumbnail hentry badge-nowy-produkt pl-PL teaser-view\">\n\t\t\t\t<figure class=\"wp-block-image post-thumbnail wp-block-media-text__media\"><img loading=\"lazy\" decoding=\"async\" width=\"560\" height=\"629\" src=\"https:\/\/www.lewens.de\/wp-content\/uploads\/2026\/04\/Lewens_Dreiecksbespannung_1.webp\" class=\"attachment-post-thumbnail size-post-thumbnail ratio-portrait wp-post-image\" alt=\"Lewens_Dreiecksbespannung_1\" \/><\/figure><!-- .post-thumbnail -->\n\t\t\t\t<div class=\"wp-block-media-text__content\">\n                    <p class=\"badges\"><span class=\"badge\">Nowy produkt<\/span><\/p>\t\t\t\t\t<h2 class=\"entry-title\"><a href=\"https:\/\/www.lewens.de\/pl\/option\/zamkniecie-trojkatne-wypelnienie-trojkatne-z-tkaniny\/\">Zamkni\u0119cie tr\u00f3jk\u0105tne &amp; Wype\u0142nienie tr\u00f3jk\u0105tne z tkaniny<\/a><\/h2>\t\t\t\t\t<p>\u017baden k\u0105t nie pozostaje otwarty. Zamkni\u0119cie tr\u00f3jk\u0105tne to idealne uzupe\u0142nienie wszystkich szklanych dach\u00f3w Murano \u2013 niweluj\u0105ce otw\u00f3r powy\u017cej \u015bcian bocznych, do wyboru w szkle lub tkaninie.<\/p>\n\t\t\t\t\t<div class=\"wp-block-buttons\">\n\t\t\t\t\t\t<div class=\"wp-block-button is-style-outline\">\n\t\t\t\t\t\t\t<a class=\"wp-block-button__link\" href=\"https:\/\/www.lewens.de\/pl\/option\/zamkniecie-trojkatne-wypelnienie-trojkatne-z-tkaniny\/\">Dowiedz si\u0119 wi\u0119cej<\/a>\n\t\t\t\t\t\t<\/div>\n\t\t\t\t\t<\/div>\n\t\t\t\t<\/div>\n\t\t\t<\/article>\n\n\t\t<\/div>\n<\/div>\n","protected":false},"excerpt":{"rendered":"","protected":false},"author":3,"featured_media":0,"parent":0,"menu_order":0,"comment_status":"closed","ping_status":"closed","template":"","meta":{"_locale":"pl_PL","_original_post":"https:\/\/www.lewens.de\/?page_id=13056","_thumbnails":[],"footnotes":"","_hide_thumbnail":false},"class_list":["post-13261","page","type-page","status-publish","hentry","pl-PL","teaser-view"],"aioseo_notices":[],"_links":{"self":[{"href":"https:\/\/www.lewens.de\/wp-json\/wp\/v2\/pages\/13261","targetHints":{"allow":["GET"]}}],"collection":[{"href":"https:\/\/www.lewens.de\/wp-json\/wp\/v2\/pages"}],"about":[{"href":"https:\/\/www.lewens.de\/wp-json\/wp\/v2\/types\/page"}],"author":[{"embeddable":true,"href":"https:\/\/www.lewens.de\/wp-json\/wp\/v2\/users\/3"}],"replies":[{"embeddable":true,"href":"https:\/\/www.lewens.de\/wp-json\/wp\/v2\/comments?post=13261"}],"version-history":[{"count":1,"href":"https:\/\/www.lewens.de\/wp-json\/wp\/v2\/pages\/13261\/revisions"}],"predecessor-version":[{"id":13262,"href":"https:\/\/www.lewens.de\/wp-json\/wp\/v2\/pages\/13261\/revisions\/13262"}],"wp:attachment":[{"href":"https:\/\/www.lewens.de\/wp-json\/wp\/v2\/media?parent=13261"}],"curies":[{"name":"wp","href":"https:\/\/api.w.org\/{rel}","templated":true}]}}